{"id":997,"date":"2025-09-22T06:43:11","date_gmt":"2025-09-22T06:43:11","guid":{"rendered":"https:\/\/darkred-boar-326879.hostingersite.com\/product\/krausminze-spearmint-mentha-spicata\/"},"modified":"2025-09-22T06:43:11","modified_gmt":"2025-09-22T06:43:11","slug":"krausminze-spearmint-mentha-spicata","status":"publish","type":"product","link":"http:\/\/almadina-bazar.de\/de\/produkt\/krausminze-spearmint-mentha-spicata\/","title":{"rendered":"Krausminze \/ Spearmint \/ Mentha spicata"},"content":{"rendered":"<p><span style=\"font-weight: 400;\">Viele sind wahrscheinlich auf die zahlreichen Geschmacksrichtungen dieser Pflanze in ihrem gew\u00f6hnlichen, aromatisierenden Mittel aus Kaugummi und Tee Marke gesto\u00dfen; oder vielleicht war es ihr Geruchsinn, der ihren stechenden Geruch in einem Caf\u00e9 oder Tee entdeckte. Nichtsdestotrotz unterscheiden sich die Vorteile von Krausminze enorm von den allgemein wahrgenommenen, haupts\u00e4chlich verwendeten Produkten.<\/span><\/p>\n<p><span style=\"font-weight: 400;\">Krausminze ist eine krautige, wurzelbewegende und mehrj\u00e4hrige Pflanze, die sich durch ihr intensives Aroma und ihren Nachgeschmack auszeichnet. Die Mehrzweck-Wunderpflanze stammt aus Europa und Asien und wird in mehreren Teilen Nord- und Westafrikas, Nord- und S\u00fcdamerikas sowie auf zahlreichen ozeanischen Inseln angebaut. Sie w\u00e4chst mit variabel haarlosen bis behaarten St\u00e4ngeln und Bl\u00e4ttern, mit einem weit ausladenden fleischigen unterirdischen Wurzelstock. Die Familie der Minze ist bekannt f\u00fcr ihren quadratischen Stiel mit seinen 5 &#8211; 9 cm langen und 1,5 &#8211; 3 cm breiten Bl\u00e4ttern.<\/span><\/p>\n<p><span style=\"font-weight: 400;\">Unter seinem breiten Spektrum an medizinischen Vorteilen wird der Krauseminze Tee zur Behandlung einer Vielzahl von Verdauungsbeschwerden und Pilzkrankheiten eingesetzt. Menschen, die st\u00e4ndig mit t\u00e4glichem Druck und Stress zu k\u00e4mpfen haben, werden sich freuen zu wissen, dass Minze eine intensive beruhigende Wirkung hat und h\u00e4ufig bei Schlaflosigkeit oder Massagen verwendet wird, vielleicht geh\u00f6rt das zu den bestgeh\u00fcteten Geheimnissen von Masseuren weltweit. Dar\u00fcber hinaus ist die Minze auch ein wunderbares Antioxidans und wird regelm\u00e4\u00dfig in der Lammw\u00fcrze der indischen K\u00fcche verwendet, vor allem wegen ihrer Verz\u00f6gerung bei der Fettoxidation und ihrer Verringerung der Bildung von Schadstoffen. All diese interessanten Anwendungen erg\u00e4nzen den Einsatz in der Gastronomie mit einem k\u00f6stlichen Geschmack und Aroma in Tees, Kaffees, Salaten und Gerichten weltweit.<\/span><\/p>\n","protected":false},"excerpt":{"rendered":"<p>Viele sind wahrscheinlich auf die zahlreichen Geschmacksrichtungen dieser Pflanze in ihrem gew\u00f6hnlichen, aromatisierenden Mittel aus Kaugummi und Tee Marke gesto\u00dfen; oder vielleicht war es ihr Geruchsinn, der ihren stechenden Geruch in einem Caf\u00e9 oder Tee entdeckte. Nichtsdestotrotz unterscheiden sich die Vorteile von Krausminze enorm von den allgemein wahrgenommenen, haupts\u00e4chlich verwendeten Produkten. Krausminze ist eine krautige, [&hellip;]<\/p>\n","protected":false},"featured_media":995,"comment_status":"open","ping_status":"closed","template":"","meta":[],"product_brand":[],"product_cat":[36,35,37],"product_tag":[],"class_list":{"0":"post-997","1":"product","2":"type-product","3":"status-publish","4":"has-post-thumbnail","6":"product_cat-gewurze-und-krauter","7":"product_cat-alle","8":"product_cat-tee","10":"first","11":"instock","12":"shipping-taxable","13":"product-type-simple"},"_links":{"self":[{"href":"http:\/\/almadina-bazar.de\/de\/wp-json\/wp\/v2\/product\/997","targetHints":{"allow":["GET"]}}],"collection":[{"href":"http:\/\/almadina-bazar.de\/de\/wp-json\/wp\/v2\/product"}],"about":[{"href":"http:\/\/almadina-bazar.de\/de\/wp-json\/wp\/v2\/types\/product"}],"replies":[{"embeddable":true,"href":"http:\/\/almadina-bazar.de\/de\/wp-json\/wp\/v2\/comments?post=997"}],"wp:featuredmedia":[{"embeddable":true,"href":"http:\/\/almadina-bazar.de\/de\/wp-json\/wp\/v2\/media\/995"}],"wp:attachment":[{"href":"http:\/\/almadina-bazar.de\/de\/wp-json\/wp\/v2\/media?parent=997"}],"wp:term":[{"taxonomy":"product_brand","embeddable":true,"href":"http:\/\/almadina-bazar.de\/de\/wp-json\/wp\/v2\/product_brand?post=997"},{"taxonomy":"product_cat","embeddable":true,"href":"http:\/\/almadina-bazar.de\/de\/wp-json\/wp\/v2\/product_cat?post=997"},{"taxonomy":"product_tag","embeddable":true,"href":"http:\/\/almadina-bazar.de\/de\/wp-json\/wp\/v2\/product_tag?post=997"}],"curies":[{"name":"wp","href":"https:\/\/api.w.org\/{rel}","templated":true}]}}