{"id":994,"date":"2025-09-22T06:39:52","date_gmt":"2025-09-22T06:39:52","guid":{"rendered":"https:\/\/darkred-boar-326879.hostingersite.com\/product\/pfefferminze-peppermint-mentha-piperita\/"},"modified":"2025-09-22T06:39:52","modified_gmt":"2025-09-22T06:39:52","slug":"pfefferminze-peppermint-mentha-piperita","status":"publish","type":"product","link":"http:\/\/almadina-bazar.de\/de\/produkt\/pfefferminze-peppermint-mentha-piperita\/","title":{"rendered":"Pfefferminze\/Peppermint\/Mentha piperita"},"content":{"rendered":"<p><span style=\"font-weight: 400;\">Die unverwechselbaren aromatischen und k\u00f6stlichen Eigenschaften der Pfefferminze machen sie f\u00fcr viele interessant, aber was vor vielen verborgen bleibt, sind ihre vielf\u00e4ltigen, unkonventionellen Anwendungen.<\/span><\/p>\n<p><span style=\"font-weight: 400;\">Die mehrj\u00e4hrige Pflanze stammt aus Europa und gilt als Hybrid-Minze, eine Kreuzung aus Wasserminze und Krauseminze und wird heute in vielen Regionen der Welt angebaut. Die Pflanze w\u00e4chst zwischen 30 und 60 cm hoch mit r\u00f6tlich violetten und glatten, quadratischen Stielen. Es wird auch durch kurze, l\u00e4ngliche Bl\u00e4tter mit violetten, rosa Bl\u00fcten gekennzeichnet, die im Sommer wachsen. Durch die Ausrichtung der Linse auf die Anwendungen der Pfefferminze wird sie bei der Gef\u00e4\u00dferweiterung, der Hemmung der Atmung und auch als nasales Dekontinenz und Antitussivum eingesetzt. Die Vorteile reichen noch weiter bis hin zu Verdauungshilfen, antiemetischen und krampfl\u00f6senden Anwendungen, der Behandlung des Reizdarmsyndroms, Senkung von Kopfschmerzen. Sie wirkt entz\u00fcndungshemmenden, antimikrobiellen, schmerzstillenden und k\u00fchlenden. Mit dem gesagt, sollte Pfefferminze unbedingt Teil Ihres K\u00fcchenschranks werden.<\/span><\/p>\n","protected":false},"excerpt":{"rendered":"<p><b>\u00a0\u00a0Erntezeit: Fr\u00fchling, Sommer bis Herbst<\/b><\/p>\n","protected":false},"featured_media":996,"comment_status":"open","ping_status":"closed","template":"","meta":[],"product_brand":[],"product_cat":[36,35,37],"product_tag":[],"class_list":{"0":"post-994","1":"product","2":"type-product","3":"status-publish","4":"has-post-thumbnail","6":"product_cat-gewurze-und-krauter","7":"product_cat-alle","8":"product_cat-tee","10":"first","11":"instock","12":"shipping-taxable","13":"product-type-simple"},"_links":{"self":[{"href":"http:\/\/almadina-bazar.de\/de\/wp-json\/wp\/v2\/product\/994","targetHints":{"allow":["GET"]}}],"collection":[{"href":"http:\/\/almadina-bazar.de\/de\/wp-json\/wp\/v2\/product"}],"about":[{"href":"http:\/\/almadina-bazar.de\/de\/wp-json\/wp\/v2\/types\/product"}],"replies":[{"embeddable":true,"href":"http:\/\/almadina-bazar.de\/de\/wp-json\/wp\/v2\/comments?post=994"}],"wp:featuredmedia":[{"embeddable":true,"href":"http:\/\/almadina-bazar.de\/de\/wp-json\/wp\/v2\/media\/996"}],"wp:attachment":[{"href":"http:\/\/almadina-bazar.de\/de\/wp-json\/wp\/v2\/media?parent=994"}],"wp:term":[{"taxonomy":"product_brand","embeddable":true,"href":"http:\/\/almadina-bazar.de\/de\/wp-json\/wp\/v2\/product_brand?post=994"},{"taxonomy":"product_cat","embeddable":true,"href":"http:\/\/almadina-bazar.de\/de\/wp-json\/wp\/v2\/product_cat?post=994"},{"taxonomy":"product_tag","embeddable":true,"href":"http:\/\/almadina-bazar.de\/de\/wp-json\/wp\/v2\/product_tag?post=994"}],"curies":[{"name":"wp","href":"https:\/\/api.w.org\/{rel}","templated":true}]}}