{"id":991,"date":"2025-09-22T06:34:17","date_gmt":"2025-09-22T06:34:17","guid":{"rendered":"https:\/\/darkred-boar-326879.hostingersite.com\/product\/basilikum-basil-ocimum-basilicum\/"},"modified":"2025-09-22T06:34:17","modified_gmt":"2025-09-22T06:34:17","slug":"basilikum-basil-ocimum-basilicum","status":"publish","type":"product","link":"http:\/\/almadina-bazar.de\/de\/produkt\/basilikum-basil-ocimum-basilicum\/","title":{"rendered":"Basilikum\/Basil\/Ocimum basilicum"},"content":{"rendered":"<p><span style=\"font-weight: 400;\">Basilikum, das urspr\u00fcnglich aus \u00c4gypten und Neuguinea stammt, ist mit enormen Vorteilen f\u00fcr kulinarische und medizinische Bed\u00fcrfnisse ausgestattet. Das niedrig wachsende (30 &#8211; 100 cm) und halbharte einj\u00e4hrige Kraut zeichnet sich durch einen quadratischen, leicht behaarten Stiel und eif\u00f6rmig, mit Bl\u00e4ttern, die in der Farbe von hellgr\u00fcn bis violett variieren.<\/span><\/p>\n<p><span style=\"font-weight: 400;\">Basilikum ist seit langem mit verschiedenen franz\u00f6sischen und walisischen Ritualen und \u00dcberzeugungen verbunden. Die j\u00fcdische Folklore hat behauptet, dass sie das Fasten mit Kraft erg\u00e4nzt, w\u00e4hrend Portugal das Zwerg-Buschbasilikum in einem Topf mit einem Gedicht an einen geliebten Menschen in den religi\u00f6sen Tagen des Heiligen Johannes und des Heiligen Antonius pr\u00e4sentiert. In Europa wurde das Gew\u00e4chs mit Hass und Satan assoziiert.\u00a0<\/span><\/p>\n<p><span style=\"font-weight: 400;\">Der kulinarische Genuss von Basilikum ergibt sich aus seiner allgemeinen Verwendung als letzte, aber geschmackvolle Zutaten in einer Vielzahl von Nudelgerichten, Salaten und sogar Sandwiches, die in der italienischen K\u00fcche und in Pesto-Gerichten weit verbreitet sind.<\/span><\/p>\n<p><span style=\"font-weight: 400;\">In der Medizin wird es zur Behandlung verschiedener Verdauungs- und Nervensystemst\u00f6rungen eingesetzt und gilt als antibakterielles, pilzfreies, schwei\u00dftreibendes, emmenagogisches, schleiml\u00f6sendes, stimulierendes und magenst\u00e4rkendes Mittel, um nur einige zu nennen. Seine Bl\u00e4tter wurden zur Bek\u00e4mpfung von Infektionen und zur Senkung des Cholesterinspiegels im Blut eingesetzt. Die aus Basilikum gewonnenen \u00e4therischen \u00d6le werden auch f\u00fcr verschiedene aroma-therapeutische Anwendungen verwendet. Die Magie des Basilikums endet nicht bei medizinischen oder kulinarischen Anwendungen. Mehrere Studien haben gezeigt, dass Basilikum ein ungiftiges, wirksames Anti-Pilz- und Insektenschutzmittel ist, insbesondere f\u00fcr Moskitos.<\/span><\/p>\n","protected":false},"excerpt":{"rendered":"<p><b>Erntezeit: Mittsommer bis Herbst<\/b><\/p>\n","protected":false},"featured_media":993,"comment_status":"open","ping_status":"closed","template":"","meta":[],"product_brand":[],"product_cat":[35],"product_tag":[],"class_list":{"0":"post-991","1":"product","2":"type-product","3":"status-publish","4":"has-post-thumbnail","6":"product_cat-alle","8":"first","9":"instock","10":"shipping-taxable","11":"product-type-simple"},"_links":{"self":[{"href":"http:\/\/almadina-bazar.de\/de\/wp-json\/wp\/v2\/product\/991","targetHints":{"allow":["GET"]}}],"collection":[{"href":"http:\/\/almadina-bazar.de\/de\/wp-json\/wp\/v2\/product"}],"about":[{"href":"http:\/\/almadina-bazar.de\/de\/wp-json\/wp\/v2\/types\/product"}],"replies":[{"embeddable":true,"href":"http:\/\/almadina-bazar.de\/de\/wp-json\/wp\/v2\/comments?post=991"}],"wp:featuredmedia":[{"embeddable":true,"href":"http:\/\/almadina-bazar.de\/de\/wp-json\/wp\/v2\/media\/993"}],"wp:attachment":[{"href":"http:\/\/almadina-bazar.de\/de\/wp-json\/wp\/v2\/media?parent=991"}],"wp:term":[{"taxonomy":"product_brand","embeddable":true,"href":"http:\/\/almadina-bazar.de\/de\/wp-json\/wp\/v2\/product_brand?post=991"},{"taxonomy":"product_cat","embeddable":true,"href":"http:\/\/almadina-bazar.de\/de\/wp-json\/wp\/v2\/product_cat?post=991"},{"taxonomy":"product_tag","embeddable":true,"href":"http:\/\/almadina-bazar.de\/de\/wp-json\/wp\/v2\/product_tag?post=991"}],"curies":[{"name":"wp","href":"https:\/\/api.w.org\/{rel}","templated":true}]}}