{"id":977,"date":"2025-09-22T06:23:42","date_gmt":"2025-09-22T06:23:42","guid":{"rendered":"https:\/\/darkred-boar-326879.hostingersite.com\/product\/kuemmel-caraway-carum-carvi\/"},"modified":"2025-09-22T06:23:42","modified_gmt":"2025-09-22T06:23:42","slug":"kuemmel-caraway-carum-carvi","status":"publish","type":"product","link":"http:\/\/almadina-bazar.de\/de\/produkt\/kuemmel-caraway-carum-carvi\/","title":{"rendered":"K\u00fcmmel\/Caraway\/Carum carvi"},"content":{"rendered":"<p><span style=\"font-weight: 400;\">K\u00fcmmel ist mit Dill, Fenchel und Anis verwandt und hat vermutlich viele der gleichen medizinischen Eigenschaften wie ein Antiseptikum. Es wirkt krampfl\u00f6send, karminativ und verdauungsf\u00f6rdernd. Es wurde zur Stimulierung der Milchproduktion bei M\u00fcttern sowie zur Behandlung von Kinderkoliken eingesetzt und wird h\u00e4ufig zur W\u00fcrzung von Kinderarzneimitteln verwendet.<\/span><\/p>\n<p><span style=\"font-weight: 400;\">K\u00fcmmel ist eine wichtige Pflanze der alt\u00e4gyptischen Volksmedizin, die bereits 1550 v. Chr. im Ebers-Papyrus erw\u00e4hnt wurde, in dem er f\u00fcr Verdauungsst\u00f6rungen empfohlen wurde.<\/span><\/p>\n<p><span style=\"font-weight: 400;\">K\u00fcmmel ist eines von nur einer Handvoll Heilkr\u00e4utern, deren haupts\u00e4chliche medizinische Verwendung im Laufe der Geschichte unver\u00e4ndert geblieben ist. Heute wird K\u00fcmmel f\u00fcr Verdauungsprobleme wie Sodbrennen, Bl\u00e4hungen, Gas, Appetitlosigkeit und leichte Kr\u00e4mpfe von Magen und Darm verwendet. K\u00fcmmel\u00f6l wird auch verwendet, um Menschen zu helfen, den zur\u00fcckgehaltenen Schleim auszuhusten, die Kontrolle des Wasserlassens zu verbessern, Bakterien im K\u00f6rper abzut\u00f6ten und Verstopfung zu lindern. Frauen verwenden auch K\u00fcmmel\u00f6l, um die Menstruation zu beginnen und Menstruationskr\u00e4mpfe zu lindern. K\u00fcmmel wird auch in Mundwasser verwendet.<\/span><\/p>\n","protected":false},"excerpt":{"rendered":"<p><b>Erntezeit: Fr\u00fchling bis Fr\u00fchsommer<\/b><\/p>\n","protected":false},"featured_media":979,"comment_status":"open","ping_status":"closed","template":"","meta":[],"product_brand":[],"product_cat":[35,38],"product_tag":[],"class_list":{"0":"post-977","1":"product","2":"type-product","3":"status-publish","4":"has-post-thumbnail","6":"product_cat-alle","7":"product_cat-gewurzmischung","9":"first","10":"instock","11":"shipping-taxable","12":"product-type-simple"},"_links":{"self":[{"href":"http:\/\/almadina-bazar.de\/de\/wp-json\/wp\/v2\/product\/977","targetHints":{"allow":["GET"]}}],"collection":[{"href":"http:\/\/almadina-bazar.de\/de\/wp-json\/wp\/v2\/product"}],"about":[{"href":"http:\/\/almadina-bazar.de\/de\/wp-json\/wp\/v2\/types\/product"}],"replies":[{"embeddable":true,"href":"http:\/\/almadina-bazar.de\/de\/wp-json\/wp\/v2\/comments?post=977"}],"wp:featuredmedia":[{"embeddable":true,"href":"http:\/\/almadina-bazar.de\/de\/wp-json\/wp\/v2\/media\/979"}],"wp:attachment":[{"href":"http:\/\/almadina-bazar.de\/de\/wp-json\/wp\/v2\/media?parent=977"}],"wp:term":[{"taxonomy":"product_brand","embeddable":true,"href":"http:\/\/almadina-bazar.de\/de\/wp-json\/wp\/v2\/product_brand?post=977"},{"taxonomy":"product_cat","embeddable":true,"href":"http:\/\/almadina-bazar.de\/de\/wp-json\/wp\/v2\/product_cat?post=977"},{"taxonomy":"product_tag","embeddable":true,"href":"http:\/\/almadina-bazar.de\/de\/wp-json\/wp\/v2\/product_tag?post=977"}],"curies":[{"name":"wp","href":"https:\/\/api.w.org\/{rel}","templated":true}]}}