{"id":974,"date":"2025-09-22T06:21:40","date_gmt":"2025-09-22T06:21:40","guid":{"rendered":"https:\/\/darkred-boar-326879.hostingersite.com\/product\/bockshornklee-fenugreek-trigonella-foenum-graecum-2\/"},"modified":"2025-10-14T11:11:35","modified_gmt":"2025-10-14T11:11:35","slug":"bockshornklee-fenugreek-trigonella-foenum-graecum-2","status":"publish","type":"product","link":"http:\/\/almadina-bazar.de\/de\/produkt\/bockshornklee-fenugreek-trigonella-foenum-graecum-2\/","title":{"rendered":"Schwarzk\u00fcmmel\/Black Seed\/Nigella stiva"},"content":{"rendered":"<p><span style=\"font-weight: 400;\">Entdeckt im Grab des alt\u00e4gyptischen Pharaos Tutanchamun, hat der Schwarzk\u00fcmmel eine wichtige Rolle in den rituellen und traditionellen Praktiken vieler Kulturen weltweit gespielt. Das in S\u00fcdwestasien heimische Gew\u00fcrz wird seitdem wegen seiner universellen gesundheitlichen Vorteile gesch\u00e4tzt. Der persische Universalgelehrte Ibn Sina, der vom griechischen Arzt Dioscoredes als Mittel gegen Kopfschmerzen und Darmw\u00fcrmer verschrieben wurde, dokumentierte sp\u00e4ter in seiner renommierten medizinischen Enzyklop\u00e4die &#8222;The Canon of Medicine&#8220; die Vorteile des Schwarzk\u00fcmmels n\u00e4her.<\/span><\/p>\n<p><span style=\"font-weight: 400;\">Schwarzk\u00fcmmel wurde erfolgreich im Mittleren und Fernen Osten eingesetzt, um eine Vielzahl von Krankheiten zu behandeln, darunter: Asthma, Entz\u00fcndungen, Verdauungsst\u00f6rungen und Parasitenbefall. Die \u00e4u\u00dferliche Anwendung von Schwarzk\u00fcmmel ist ein wirksames Mittel bei Ekzemen, Furunkel und Erk\u00e4ltungskrankheiten. In der modernen Medizin wurde entdeckt, dass es die Abwehrkr\u00e4fte erh\u00f6ht und bei l\u00e4ngerer Einnahme die Antik\u00f6rperzahl beim Menschen erh\u00f6hen kann.<\/span><\/p>\n","protected":false},"excerpt":{"rendered":"<p><b>Erntezeit: Fr\u00fchling bis Fr\u00fchsommer<\/b><\/p>\n","protected":false},"featured_media":976,"comment_status":"open","ping_status":"closed","template":"","meta":[],"product_brand":[],"product_cat":[36,35,37],"product_tag":[],"class_list":{"0":"post-974","1":"product","2":"type-product","3":"status-publish","4":"has-post-thumbnail","6":"product_cat-gewurze-und-krauter","7":"product_cat-alle","8":"product_cat-tee","10":"first","11":"instock","12":"shipping-taxable","13":"product-type-simple"},"_links":{"self":[{"href":"http:\/\/almadina-bazar.de\/de\/wp-json\/wp\/v2\/product\/974","targetHints":{"allow":["GET"]}}],"collection":[{"href":"http:\/\/almadina-bazar.de\/de\/wp-json\/wp\/v2\/product"}],"about":[{"href":"http:\/\/almadina-bazar.de\/de\/wp-json\/wp\/v2\/types\/product"}],"replies":[{"embeddable":true,"href":"http:\/\/almadina-bazar.de\/de\/wp-json\/wp\/v2\/comments?post=974"}],"wp:featuredmedia":[{"embeddable":true,"href":"http:\/\/almadina-bazar.de\/de\/wp-json\/wp\/v2\/media\/976"}],"wp:attachment":[{"href":"http:\/\/almadina-bazar.de\/de\/wp-json\/wp\/v2\/media?parent=974"}],"wp:term":[{"taxonomy":"product_brand","embeddable":true,"href":"http:\/\/almadina-bazar.de\/de\/wp-json\/wp\/v2\/product_brand?post=974"},{"taxonomy":"product_cat","embeddable":true,"href":"http:\/\/almadina-bazar.de\/de\/wp-json\/wp\/v2\/product_cat?post=974"},{"taxonomy":"product_tag","embeddable":true,"href":"http:\/\/almadina-bazar.de\/de\/wp-json\/wp\/v2\/product_tag?post=974"}],"curies":[{"name":"wp","href":"https:\/\/api.w.org\/{rel}","templated":true}]}}