{"id":972,"date":"2025-09-22T06:19:35","date_gmt":"2025-09-22T06:19:35","guid":{"rendered":"https:\/\/darkred-boar-326879.hostingersite.com\/product\/bockshornklee-fenugreek-trigonella-foenum-graecum\/"},"modified":"2025-09-22T06:19:35","modified_gmt":"2025-09-22T06:19:35","slug":"bockshornklee-fenugreek-trigonella-foenum-graecum","status":"publish","type":"product","link":"http:\/\/almadina-bazar.de\/de\/produkt\/bockshornklee-fenugreek-trigonella-foenum-graecum\/","title":{"rendered":"Bockshornklee\/Fenugreek\/Trigonella foenum-graecum"},"content":{"rendered":"<p><span style=\"font-weight: 400;\">Bockshornklee wird seit langem als Gew\u00fcrz und Kr\u00e4uterheilmittel im Mittleren Osten verwendet; bis heute wird sie noch von \u00e4gyptischen Frauen gegen Menstruationsschmerzen eingenommen, ebenso wie die Einnahme von &#8222;Hilba-Tee&#8220;, der zur Linderung von Magenschmerzen verwendet wird. Die Pflanze kann geerntet und die Samen getrocknet und ger\u00f6stet werden und sowohl f\u00fcr Lebensmittelaromen als auch f\u00fcr medizinische Zwecke verwendet werden.<\/span><\/p>\n<p><span style=\"font-weight: 400;\">Es wird derzeit bei Verdauungsproblemen wie Appetitlosigkeit, Magenverstimmung, Verstopfung und Magenentz\u00fcndung eingesetzt. Es wird auch bei Erkrankungen, die die Herzgesundheit beeinflussen, wie z.B. &#8222;Verh\u00e4rtung der Arterien&#8220; und bei hohen Blutwerten bestimmter Fette wie Cholesterin und Triglyceride eingesetzt.<\/span><\/p>\n<p><span style=\"font-weight: 400;\">Auch bei Nierenerkrankungen, Vitaminmangelerkrankungen, Mundgeschw\u00fcren, Furunkel, Bronchitis, Cellulite, Tuberkulose, chronischem Husten, Lippenriss, Kahlheit, Krebs und Blutzuckersenkung bei Diabetikern. Einige M\u00e4nner verwenden es sogar zur Behandlung von Hernien, Erektionsst\u00f6rungen, w\u00e4hrend Frauen, die stillen, es manchmal verwenden, um den Milchfluss zu f\u00f6rdern.<\/span><\/p>\n<p><span style=\"font-weight: 400;\">Eine weitere Anwendung ist der Wickel, d.h. er wird in ein Tuch gewickelt, erw\u00e4rmt und direkt auf die Haut aufgetragen, um lokale Schmerzen und Schwellungen, Muskelschmerzen, Schwellungen der Lymphknoten, Schmerzen in den Zehen, Wunden, Beingeschw\u00fcre und Ekzeme zu behandeln. Der Geschmack und Geruch von Bockshornklee \u00e4hnelt Ahornsirup und wird aufgrund seiner Eigenschaften verwendet, um den Geschmack von Medikamenten zu \u00fcberdecken.<\/span><\/p>\n","protected":false},"excerpt":{"rendered":"<p><strong>Erntezeit: Fr\u00fchling<\/strong><\/p>\n","protected":false},"featured_media":973,"comment_status":"open","ping_status":"closed","template":"","meta":[],"product_brand":[],"product_cat":[36,37],"product_tag":[],"class_list":{"0":"post-972","1":"product","2":"type-product","3":"status-publish","4":"has-post-thumbnail","6":"product_cat-gewurze-und-krauter","7":"product_cat-tee","9":"first","10":"instock","11":"shipping-taxable","12":"product-type-simple"},"_links":{"self":[{"href":"http:\/\/almadina-bazar.de\/de\/wp-json\/wp\/v2\/product\/972","targetHints":{"allow":["GET"]}}],"collection":[{"href":"http:\/\/almadina-bazar.de\/de\/wp-json\/wp\/v2\/product"}],"about":[{"href":"http:\/\/almadina-bazar.de\/de\/wp-json\/wp\/v2\/types\/product"}],"replies":[{"embeddable":true,"href":"http:\/\/almadina-bazar.de\/de\/wp-json\/wp\/v2\/comments?post=972"}],"wp:featuredmedia":[{"embeddable":true,"href":"http:\/\/almadina-bazar.de\/de\/wp-json\/wp\/v2\/media\/973"}],"wp:attachment":[{"href":"http:\/\/almadina-bazar.de\/de\/wp-json\/wp\/v2\/media?parent=972"}],"wp:term":[{"taxonomy":"product_brand","embeddable":true,"href":"http:\/\/almadina-bazar.de\/de\/wp-json\/wp\/v2\/product_brand?post=972"},{"taxonomy":"product_cat","embeddable":true,"href":"http:\/\/almadina-bazar.de\/de\/wp-json\/wp\/v2\/product_cat?post=972"},{"taxonomy":"product_tag","embeddable":true,"href":"http:\/\/almadina-bazar.de\/de\/wp-json\/wp\/v2\/product_tag?post=972"}],"curies":[{"name":"wp","href":"https:\/\/api.w.org\/{rel}","templated":true}]}}