{"id":970,"date":"2025-09-22T06:15:07","date_gmt":"2025-09-22T06:15:07","guid":{"rendered":"https:\/\/darkred-boar-326879.hostingersite.com\/product\/anis-anise-pimpinella-anisum\/"},"modified":"2025-10-14T10:52:18","modified_gmt":"2025-10-14T10:52:18","slug":"anis-anise-pimpinella-anisum","status":"publish","type":"product","link":"http:\/\/almadina-bazar.de\/de\/produkt\/anis-anise-pimpinella-anisum\/","title":{"rendered":"Anis \/ Anise \/ Pimpinella anisum"},"content":{"rendered":"<p><span style=\"font-weight: 400;\">Anis ist eine bl\u00fchende Pflanze aus dem \u00f6stlichen Mittelmeerraum und S\u00fcdwestasien. Erstmals erw\u00e4hnt in pharaonischen Pergamenten, die um 2.000 v. Chr. entstanden sind, wurde Anis w\u00e4hrend des fr\u00fchen Mittelalters f\u00fcr medizinische Zwecke verwendet. Im Laufe des klassischen Zeitalters erweiterte der griechische Arzt und Botaniker Dioscorides die Anwendungen, um die heilenden und aphrodisierenden Eigenschaften der Pflanze in seiner Enzyklop\u00e4die De Materia Medica hervorzuheben.<\/span><\/p>\n<p><span style=\"font-weight: 400;\">Die Pflanze, die in der europ\u00e4ischen Medizin und K\u00fcche wegen ihrer atmenden, verdauungsf\u00f6rdernden und beruhigenden Eigenschaften h\u00e4ufig verwendet wird, erlangte Popularit\u00e4t durch griechisch-r\u00f6mische Texte, in denen die Herkunft und der Konsum von Anis n\u00e4her untersucht wurde; von den alt\u00e4gyptischen und arabischen Brauereien und D\u00fcften bis hin zu medizinischen Anwendungen in China und Indien.<\/span><\/p>\n<p><span style=\"font-weight: 400;\">In der Neuzeit wird Anis wegen seines angenehmen, s\u00fc\u00dflichen Geschmacks \u00fcberwiegend zu kulinarischen Gerichten und Desserts gemahlen. Dar\u00fcber hinaus enthalten Kr\u00e4utertees zur Heilung von milden Atemwegs- und Verdauungsbeschwerden Anis als Wirkstoff bis heute.<\/span><\/p>\n","protected":false},"excerpt":{"rendered":"<p data-start=\"107\" data-end=\"175\"><strong data-start=\"146\" data-end=\"166\"><b>Erntezeit<\/b>:<\/strong> Winter<\/p>\n","protected":false},"featured_media":971,"comment_status":"open","ping_status":"closed","template":"","meta":[],"product_brand":[],"product_cat":[36,37],"product_tag":[],"class_list":{"0":"post-970","1":"product","2":"type-product","3":"status-publish","4":"has-post-thumbnail","6":"product_cat-gewurze-und-krauter","7":"product_cat-tee","9":"first","10":"instock","11":"shipping-taxable","12":"product-type-simple"},"_links":{"self":[{"href":"http:\/\/almadina-bazar.de\/de\/wp-json\/wp\/v2\/product\/970","targetHints":{"allow":["GET"]}}],"collection":[{"href":"http:\/\/almadina-bazar.de\/de\/wp-json\/wp\/v2\/product"}],"about":[{"href":"http:\/\/almadina-bazar.de\/de\/wp-json\/wp\/v2\/types\/product"}],"replies":[{"embeddable":true,"href":"http:\/\/almadina-bazar.de\/de\/wp-json\/wp\/v2\/comments?post=970"}],"wp:featuredmedia":[{"embeddable":true,"href":"http:\/\/almadina-bazar.de\/de\/wp-json\/wp\/v2\/media\/971"}],"wp:attachment":[{"href":"http:\/\/almadina-bazar.de\/de\/wp-json\/wp\/v2\/media?parent=970"}],"wp:term":[{"taxonomy":"product_brand","embeddable":true,"href":"http:\/\/almadina-bazar.de\/de\/wp-json\/wp\/v2\/product_brand?post=970"},{"taxonomy":"product_cat","embeddable":true,"href":"http:\/\/almadina-bazar.de\/de\/wp-json\/wp\/v2\/product_cat?post=970"},{"taxonomy":"product_tag","embeddable":true,"href":"http:\/\/almadina-bazar.de\/de\/wp-json\/wp\/v2\/product_tag?post=970"}],"curies":[{"name":"wp","href":"https:\/\/api.w.org\/{rel}","templated":true}]}}