{"id":1087,"date":"2025-09-23T07:13:24","date_gmt":"2025-09-23T07:13:24","guid":{"rendered":"https:\/\/darkred-boar-326879.hostingersite.com\/product\/brennnesselblaetter\/"},"modified":"2025-09-23T07:13:24","modified_gmt":"2025-09-23T07:13:24","slug":"brennnesselblaetter","status":"publish","type":"product","link":"http:\/\/almadina-bazar.de\/de\/produkt\/brennnesselblaetter\/","title":{"rendered":"Brennnesselbl\u00e4tter ."},"content":{"rendered":"<p><span style=\"font-weight: 400;\">Die Brennnessel besitzt starke stoffwechself\u00f6rdernde und entw\u00e4ssernde Eigenschaften. Als Tee getrunken, hilft sie \u00fcbersch\u00fcssige Wassereinlagerungen aus dem K\u00f6rper zu schwemmen, wodurch sich gewichtsreduzierende Effekte erzielen lassen.<\/span><\/p>\n","protected":false},"excerpt":{"rendered":"<p>Die Brennnessel besitzt starke stoffwechself\u00f6rdernde und entw\u00e4ssernde Eigenschaften. Als Tee getrunken, hilft sie \u00fcbersch\u00fcssige Wassereinlagerungen aus dem K\u00f6rper zu schwemmen, wodurch sich gewichtsreduzierende Effekte erzielen lassen.<\/p>\n","protected":false},"featured_media":1089,"comment_status":"open","ping_status":"closed","template":"","meta":[],"product_brand":[],"product_cat":[36,35,37],"product_tag":[],"class_list":{"0":"post-1087","1":"product","2":"type-product","3":"status-publish","4":"has-post-thumbnail","6":"product_cat-gewurze-und-krauter","7":"product_cat-alle","8":"product_cat-tee","10":"first","11":"instock","12":"shipping-taxable","13":"product-type-simple"},"_links":{"self":[{"href":"http:\/\/almadina-bazar.de\/de\/wp-json\/wp\/v2\/product\/1087","targetHints":{"allow":["GET"]}}],"collection":[{"href":"http:\/\/almadina-bazar.de\/de\/wp-json\/wp\/v2\/product"}],"about":[{"href":"http:\/\/almadina-bazar.de\/de\/wp-json\/wp\/v2\/types\/product"}],"replies":[{"embeddable":true,"href":"http:\/\/almadina-bazar.de\/de\/wp-json\/wp\/v2\/comments?post=1087"}],"wp:featuredmedia":[{"embeddable":true,"href":"http:\/\/almadina-bazar.de\/de\/wp-json\/wp\/v2\/media\/1089"}],"wp:attachment":[{"href":"http:\/\/almadina-bazar.de\/de\/wp-json\/wp\/v2\/media?parent=1087"}],"wp:term":[{"taxonomy":"product_brand","embeddable":true,"href":"http:\/\/almadina-bazar.de\/de\/wp-json\/wp\/v2\/product_brand?post=1087"},{"taxonomy":"product_cat","embeddable":true,"href":"http:\/\/almadina-bazar.de\/de\/wp-json\/wp\/v2\/product_cat?post=1087"},{"taxonomy":"product_tag","embeddable":true,"href":"http:\/\/almadina-bazar.de\/de\/wp-json\/wp\/v2\/product_tag?post=1087"}],"curies":[{"name":"wp","href":"https:\/\/api.w.org\/{rel}","templated":true}]}}