{"id":1084,"date":"2025-09-23T07:11:49","date_gmt":"2025-09-23T07:11:49","guid":{"rendered":"https:\/\/darkred-boar-326879.hostingersite.com\/product\/holunderbeeren-ganz\/"},"modified":"2025-09-23T07:11:49","modified_gmt":"2025-09-23T07:11:49","slug":"holunderbeeren-ganz","status":"publish","type":"product","link":"http:\/\/almadina-bazar.de\/de\/produkt\/holunderbeeren-ganz\/","title":{"rendered":"Holunderbeeren ganz"},"content":{"rendered":"<p><span style=\"font-weight: 400;\">Holunderbl\u00fcten enthalten \u00e4therische \u00d6le, Gerb- und Schleimstoffe, Flavonoide, Kalium und schwei\u00dftreibende Glykoside. Holunderbeeren sind wahre Vitaminbomben und enthalten neben den Vitaminen C und B2 ebenfalls \u00e4therische \u00d6le und Flavonoide sowie Anthocyane, Mineralstoffe und Fols\u00e4ure.<\/span><\/p>\n","protected":false},"excerpt":{"rendered":"<p>Holunderbl\u00fcten enthalten \u00e4therische \u00d6le, Gerb- und Schleimstoffe, Flavonoide, Kalium und schwei\u00dftreibende Glykoside. Holunderbeeren sind wahre Vitaminbomben und enthalten neben den Vitaminen C und B2 ebenfalls \u00e4therische \u00d6le und Flavonoide sowie Anthocyane, Mineralstoffe und Fols\u00e4ure.<\/p>\n","protected":false},"featured_media":1085,"comment_status":"open","ping_status":"closed","template":"","meta":[],"product_brand":[],"product_cat":[35,37],"product_tag":[],"class_list":{"0":"post-1084","1":"product","2":"type-product","3":"status-publish","4":"has-post-thumbnail","6":"product_cat-alle","7":"product_cat-tee","9":"first","10":"instock","11":"shipping-taxable","12":"product-type-simple"},"_links":{"self":[{"href":"http:\/\/almadina-bazar.de\/de\/wp-json\/wp\/v2\/product\/1084","targetHints":{"allow":["GET"]}}],"collection":[{"href":"http:\/\/almadina-bazar.de\/de\/wp-json\/wp\/v2\/product"}],"about":[{"href":"http:\/\/almadina-bazar.de\/de\/wp-json\/wp\/v2\/types\/product"}],"replies":[{"embeddable":true,"href":"http:\/\/almadina-bazar.de\/de\/wp-json\/wp\/v2\/comments?post=1084"}],"wp:featuredmedia":[{"embeddable":true,"href":"http:\/\/almadina-bazar.de\/de\/wp-json\/wp\/v2\/media\/1085"}],"wp:attachment":[{"href":"http:\/\/almadina-bazar.de\/de\/wp-json\/wp\/v2\/media?parent=1084"}],"wp:term":[{"taxonomy":"product_brand","embeddable":true,"href":"http:\/\/almadina-bazar.de\/de\/wp-json\/wp\/v2\/product_brand?post=1084"},{"taxonomy":"product_cat","embeddable":true,"href":"http:\/\/almadina-bazar.de\/de\/wp-json\/wp\/v2\/product_cat?post=1084"},{"taxonomy":"product_tag","embeddable":true,"href":"http:\/\/almadina-bazar.de\/de\/wp-json\/wp\/v2\/product_tag?post=1084"}],"curies":[{"name":"wp","href":"https:\/\/api.w.org\/{rel}","templated":true}]}}