{"id":1081,"date":"2025-09-23T07:09:49","date_gmt":"2025-09-23T07:09:49","guid":{"rendered":"https:\/\/darkred-boar-326879.hostingersite.com\/product\/stevia\/"},"modified":"2025-09-23T07:09:49","modified_gmt":"2025-09-23T07:09:49","slug":"stevia","status":"publish","type":"product","link":"http:\/\/almadina-bazar.de\/de\/produkt\/stevia\/","title":{"rendered":"Stevia"},"content":{"rendered":"<p><span style=\"font-weight: 400;\">Die Bl\u00e4tter der Steviapflanze eignen sich zum zuckerfreien S\u00fc\u00dfen von Tees und Teemischungen \u2013 f\u00fcr eine angenehme und nat\u00fcrliche S\u00fc\u00dfe. Stevia Blatt geschnitten ist leichter als Wasser und schwimmt in Fl\u00fcssigkeiten auf.<\/span><\/p>\n","protected":false},"excerpt":{"rendered":"<p>Die Bl\u00e4tter der Steviapflanze eignen sich zum zuckerfreien S\u00fc\u00dfen von Tees und Teemischungen \u2013 f\u00fcr eine angenehme und nat\u00fcrliche S\u00fc\u00dfe. Stevia Blatt geschnitten ist leichter als Wasser und schwimmt in Fl\u00fcssigkeiten auf.<\/p>\n","protected":false},"featured_media":1083,"comment_status":"open","ping_status":"closed","template":"","meta":[],"product_brand":[],"product_cat":[36,35,37],"product_tag":[],"class_list":{"0":"post-1081","1":"product","2":"type-product","3":"status-publish","4":"has-post-thumbnail","6":"product_cat-gewurze-und-krauter","7":"product_cat-alle","8":"product_cat-tee","10":"first","11":"instock","12":"shipping-taxable","13":"product-type-simple"},"_links":{"self":[{"href":"http:\/\/almadina-bazar.de\/de\/wp-json\/wp\/v2\/product\/1081","targetHints":{"allow":["GET"]}}],"collection":[{"href":"http:\/\/almadina-bazar.de\/de\/wp-json\/wp\/v2\/product"}],"about":[{"href":"http:\/\/almadina-bazar.de\/de\/wp-json\/wp\/v2\/types\/product"}],"replies":[{"embeddable":true,"href":"http:\/\/almadina-bazar.de\/de\/wp-json\/wp\/v2\/comments?post=1081"}],"wp:featuredmedia":[{"embeddable":true,"href":"http:\/\/almadina-bazar.de\/de\/wp-json\/wp\/v2\/media\/1083"}],"wp:attachment":[{"href":"http:\/\/almadina-bazar.de\/de\/wp-json\/wp\/v2\/media?parent=1081"}],"wp:term":[{"taxonomy":"product_brand","embeddable":true,"href":"http:\/\/almadina-bazar.de\/de\/wp-json\/wp\/v2\/product_brand?post=1081"},{"taxonomy":"product_cat","embeddable":true,"href":"http:\/\/almadina-bazar.de\/de\/wp-json\/wp\/v2\/product_cat?post=1081"},{"taxonomy":"product_tag","embeddable":true,"href":"http:\/\/almadina-bazar.de\/de\/wp-json\/wp\/v2\/product_tag?post=1081"}],"curies":[{"name":"wp","href":"https:\/\/api.w.org\/{rel}","templated":true}]}}