{"id":1078,"date":"2025-09-23T07:08:36","date_gmt":"2025-09-23T07:08:36","guid":{"rendered":"https:\/\/darkred-boar-326879.hostingersite.com\/product\/lauch\/"},"modified":"2025-09-23T07:08:36","modified_gmt":"2025-09-23T07:08:36","slug":"lauch","status":"publish","type":"product","link":"http:\/\/almadina-bazar.de\/de\/produkt\/lauch\/","title":{"rendered":"Lauch"},"content":{"rendered":"<p><span style=\"font-weight: 400;\">Lauch getrocknet als geschnittener Lauch ist ein Bestandteil von Suppengr\u00fcn und ist in EU in vielen Suppen, Eint\u00f6pfen und Br\u00fchen enthalten. Dieses wunderbare und gesunde Produkt ist hervorragend f\u00fcr die schnelle K\u00fcche geeignet.<\/span><\/p>\n","protected":false},"excerpt":{"rendered":"<p>Lauch getrocknet als geschnittener Lauch ist ein Bestandteil von Suppengr\u00fcn und ist in EU in vielen Suppen, Eint\u00f6pfen und Br\u00fchen enthalten. Dieses wunderbare und gesunde Produkt ist hervorragend f\u00fcr die schnelle K\u00fcche geeignet.<\/p>\n","protected":false},"featured_media":1080,"comment_status":"open","ping_status":"closed","template":"","meta":[],"product_brand":[],"product_cat":[36,35],"product_tag":[],"class_list":{"0":"post-1078","1":"product","2":"type-product","3":"status-publish","4":"has-post-thumbnail","6":"product_cat-gewurze-und-krauter","7":"product_cat-alle","9":"first","10":"instock","11":"shipping-taxable","12":"product-type-simple"},"_links":{"self":[{"href":"http:\/\/almadina-bazar.de\/de\/wp-json\/wp\/v2\/product\/1078","targetHints":{"allow":["GET"]}}],"collection":[{"href":"http:\/\/almadina-bazar.de\/de\/wp-json\/wp\/v2\/product"}],"about":[{"href":"http:\/\/almadina-bazar.de\/de\/wp-json\/wp\/v2\/types\/product"}],"replies":[{"embeddable":true,"href":"http:\/\/almadina-bazar.de\/de\/wp-json\/wp\/v2\/comments?post=1078"}],"wp:featuredmedia":[{"embeddable":true,"href":"http:\/\/almadina-bazar.de\/de\/wp-json\/wp\/v2\/media\/1080"}],"wp:attachment":[{"href":"http:\/\/almadina-bazar.de\/de\/wp-json\/wp\/v2\/media?parent=1078"}],"wp:term":[{"taxonomy":"product_brand","embeddable":true,"href":"http:\/\/almadina-bazar.de\/de\/wp-json\/wp\/v2\/product_brand?post=1078"},{"taxonomy":"product_cat","embeddable":true,"href":"http:\/\/almadina-bazar.de\/de\/wp-json\/wp\/v2\/product_cat?post=1078"},{"taxonomy":"product_tag","embeddable":true,"href":"http:\/\/almadina-bazar.de\/de\/wp-json\/wp\/v2\/product_tag?post=1078"}],"curies":[{"name":"wp","href":"https:\/\/api.w.org\/{rel}","templated":true}]}}