{"id":1075,"date":"2025-09-23T07:02:55","date_gmt":"2025-09-23T07:02:55","guid":{"rendered":"https:\/\/darkred-boar-326879.hostingersite.com\/product\/haenchen-fleisch-speziell-gewuerzmischung\/"},"modified":"2025-09-23T07:02:55","modified_gmt":"2025-09-23T07:02:55","slug":"haenchen-fleisch-speziell-gewuerzmischung","status":"publish","type":"product","link":"http:\/\/almadina-bazar.de\/de\/produkt\/haenchen-fleisch-speziell-gewuerzmischung\/","title":{"rendered":"H\u00e4nchen &#038; Fleisch Speziell Gew\u00fcrzmischung"},"content":{"rendered":"<p><b><i>Zutaten<\/i><\/b><span style=\"font-weight: 400;\"> :\u00a0<\/span><\/p>\n<p><span style=\"font-weight: 400;\">Speisesalz,Gew\u00fcrze ( Paprika,Zwiebeln,Koriander,Pfefferschwarz,Knoblauch,Chilis,Curcuma,Muskatnuss<\/span><\/p>\n<p><span style=\"font-weight: 400;\">,K\u00fcmmel,Bockshornkleesamen,Kreuzk\u00fcmmel,Ingwer ), Kr\u00e4uter ( Petersilie,Rosmarin,Thymian )<\/span><\/p>\n","protected":false},"excerpt":{"rendered":"<p>Zutaten :\u00a0 Speisesalz,Gew\u00fcrze ( Paprika,Zwiebeln,Koriander,Pfefferschwarz,Knoblauch,Chilis,Curcuma,Muskatnuss ,K\u00fcmmel,Bockshornkleesamen,Kreuzk\u00fcmmel,Ingwer ), Kr\u00e4uter ( Petersilie,Rosmarin,Thymian )<\/p>\n","protected":false},"featured_media":1077,"comment_status":"open","ping_status":"closed","template":"","meta":[],"product_brand":[],"product_cat":[35,38],"product_tag":[],"class_list":{"0":"post-1075","1":"product","2":"type-product","3":"status-publish","4":"has-post-thumbnail","6":"product_cat-alle","7":"product_cat-gewurzmischung","9":"first","10":"instock","11":"shipping-taxable","12":"product-type-simple"},"_links":{"self":[{"href":"http:\/\/almadina-bazar.de\/de\/wp-json\/wp\/v2\/product\/1075","targetHints":{"allow":["GET"]}}],"collection":[{"href":"http:\/\/almadina-bazar.de\/de\/wp-json\/wp\/v2\/product"}],"about":[{"href":"http:\/\/almadina-bazar.de\/de\/wp-json\/wp\/v2\/types\/product"}],"replies":[{"embeddable":true,"href":"http:\/\/almadina-bazar.de\/de\/wp-json\/wp\/v2\/comments?post=1075"}],"wp:featuredmedia":[{"embeddable":true,"href":"http:\/\/almadina-bazar.de\/de\/wp-json\/wp\/v2\/media\/1077"}],"wp:attachment":[{"href":"http:\/\/almadina-bazar.de\/de\/wp-json\/wp\/v2\/media?parent=1075"}],"wp:term":[{"taxonomy":"product_brand","embeddable":true,"href":"http:\/\/almadina-bazar.de\/de\/wp-json\/wp\/v2\/product_brand?post=1075"},{"taxonomy":"product_cat","embeddable":true,"href":"http:\/\/almadina-bazar.de\/de\/wp-json\/wp\/v2\/product_cat?post=1075"},{"taxonomy":"product_tag","embeddable":true,"href":"http:\/\/almadina-bazar.de\/de\/wp-json\/wp\/v2\/product_tag?post=1075"}],"curies":[{"name":"wp","href":"https:\/\/api.w.org\/{rel}","templated":true}]}}