{"id":1063,"date":"2025-09-23T06:58:22","date_gmt":"2025-09-23T06:58:22","guid":{"rendered":"https:\/\/darkred-boar-326879.hostingersite.com\/product\/speziell-fisch-gewuerzmischung\/"},"modified":"2025-09-23T06:58:22","modified_gmt":"2025-09-23T06:58:22","slug":"speziell-fisch-gewuerzmischung","status":"publish","type":"product","link":"http:\/\/almadina-bazar.de\/de\/produkt\/speziell-fisch-gewuerzmischung\/","title":{"rendered":"Speziell Fisch Gew\u00fcrzmischung"},"content":{"rendered":"<p><b>Zutaten :<\/b><\/p>\n<p><span style=\"font-weight: 400;\">Speisesalz,Gew\u00fcrze ( Zwiebeln,Pfeffer wei\u00df, Curcuma, Knoblauch,Pastinaken, Liebstockwurzel,Anis),Raps\u00f6l<\/span><\/p>\n<p><span style=\"font-weight: 400;\">\u00a0( ganz geh\u00e4rtet ),Kr\u00e4uter ( Schnittlauch,Petersilie,Dill ),Dextrose,Zitronenschlen , Lauch, Raps\u00f6l<\/span><\/p>\n","protected":false},"excerpt":{"rendered":"<p>Zutaten : Speisesalz,Gew\u00fcrze ( Zwiebeln,Pfeffer wei\u00df, Curcuma, Knoblauch,Pastinaken, Liebstockwurzel,Anis),Raps\u00f6l \u00a0( ganz geh\u00e4rtet ),Kr\u00e4uter ( Schnittlauch,Petersilie,Dill ),Dextrose,Zitronenschlen , Lauch, Raps\u00f6l<\/p>\n","protected":false},"featured_media":1065,"comment_status":"open","ping_status":"closed","template":"","meta":[],"product_brand":[],"product_cat":[35,38],"product_tag":[],"class_list":{"0":"post-1063","1":"product","2":"type-product","3":"status-publish","4":"has-post-thumbnail","6":"product_cat-alle","7":"product_cat-gewurzmischung","9":"first","10":"instock","11":"shipping-taxable","12":"product-type-simple"},"_links":{"self":[{"href":"http:\/\/almadina-bazar.de\/de\/wp-json\/wp\/v2\/product\/1063","targetHints":{"allow":["GET"]}}],"collection":[{"href":"http:\/\/almadina-bazar.de\/de\/wp-json\/wp\/v2\/product"}],"about":[{"href":"http:\/\/almadina-bazar.de\/de\/wp-json\/wp\/v2\/types\/product"}],"replies":[{"embeddable":true,"href":"http:\/\/almadina-bazar.de\/de\/wp-json\/wp\/v2\/comments?post=1063"}],"wp:featuredmedia":[{"embeddable":true,"href":"http:\/\/almadina-bazar.de\/de\/wp-json\/wp\/v2\/media\/1065"}],"wp:attachment":[{"href":"http:\/\/almadina-bazar.de\/de\/wp-json\/wp\/v2\/media?parent=1063"}],"wp:term":[{"taxonomy":"product_brand","embeddable":true,"href":"http:\/\/almadina-bazar.de\/de\/wp-json\/wp\/v2\/product_brand?post=1063"},{"taxonomy":"product_cat","embeddable":true,"href":"http:\/\/almadina-bazar.de\/de\/wp-json\/wp\/v2\/product_cat?post=1063"},{"taxonomy":"product_tag","embeddable":true,"href":"http:\/\/almadina-bazar.de\/de\/wp-json\/wp\/v2\/product_tag?post=1063"}],"curies":[{"name":"wp","href":"https:\/\/api.w.org\/{rel}","templated":true}]}}