{"id":1058,"date":"2025-09-23T06:56:25","date_gmt":"2025-09-23T06:56:25","guid":{"rendered":"https:\/\/darkred-boar-326879.hostingersite.com\/product\/bbq-gewuerzzubereitung\/"},"modified":"2025-09-23T06:56:25","modified_gmt":"2025-09-23T06:56:25","slug":"bbq-gewuerzzubereitung","status":"publish","type":"product","link":"http:\/\/almadina-bazar.de\/de\/produkt\/bbq-gewuerzzubereitung\/","title":{"rendered":"BBQ Gew\u00fcrzzubereitung"},"content":{"rendered":"<p><span style=\"font-weight: 400;\">Zutaten :<\/span><\/p>\n<p><span style=\"font-weight: 400;\">Speisesalz, Gew\u00fcrze (Zwiebeln, Paprika, Koriander, gelbes Senfmehl, Bockshornkleesamen, Chilis, Kurkuma, Kreuzk\u00fcmmel, Ingwer), ger\u00e4uchertes Paprikapulver (Paprika, Rauch), Kr\u00e4uter (Rosmarin, Majoran)<\/span><\/p>\n","protected":false},"excerpt":{"rendered":"<p>Zutaten : Speisesalz, Gew\u00fcrze (Zwiebeln, Paprika, Koriander, gelbes Senfmehl, Bockshornkleesamen, Chilis, Kurkuma, Kreuzk\u00fcmmel, Ingwer), ger\u00e4uchertes Paprikapulver (Paprika, Rauch), Kr\u00e4uter (Rosmarin, Majoran)<\/p>\n","protected":false},"featured_media":1059,"comment_status":"open","ping_status":"closed","template":"","meta":[],"product_brand":[],"product_cat":[35,38],"product_tag":[],"class_list":{"0":"post-1058","1":"product","2":"type-product","3":"status-publish","4":"has-post-thumbnail","6":"product_cat-alle","7":"product_cat-gewurzmischung","9":"first","10":"instock","11":"shipping-taxable","12":"product-type-simple"},"_links":{"self":[{"href":"http:\/\/almadina-bazar.de\/de\/wp-json\/wp\/v2\/product\/1058","targetHints":{"allow":["GET"]}}],"collection":[{"href":"http:\/\/almadina-bazar.de\/de\/wp-json\/wp\/v2\/product"}],"about":[{"href":"http:\/\/almadina-bazar.de\/de\/wp-json\/wp\/v2\/types\/product"}],"replies":[{"embeddable":true,"href":"http:\/\/almadina-bazar.de\/de\/wp-json\/wp\/v2\/comments?post=1058"}],"wp:featuredmedia":[{"embeddable":true,"href":"http:\/\/almadina-bazar.de\/de\/wp-json\/wp\/v2\/media\/1059"}],"wp:attachment":[{"href":"http:\/\/almadina-bazar.de\/de\/wp-json\/wp\/v2\/media?parent=1058"}],"wp:term":[{"taxonomy":"product_brand","embeddable":true,"href":"http:\/\/almadina-bazar.de\/de\/wp-json\/wp\/v2\/product_brand?post=1058"},{"taxonomy":"product_cat","embeddable":true,"href":"http:\/\/almadina-bazar.de\/de\/wp-json\/wp\/v2\/product_cat?post=1058"},{"taxonomy":"product_tag","embeddable":true,"href":"http:\/\/almadina-bazar.de\/de\/wp-json\/wp\/v2\/product_tag?post=1058"}],"curies":[{"name":"wp","href":"https:\/\/api.w.org\/{rel}","templated":true}]}}