{"id":1051,"date":"2025-09-23T06:54:23","date_gmt":"2025-09-23T06:54:23","guid":{"rendered":"https:\/\/darkred-boar-326879.hostingersite.com\/product\/leinsamen\/"},"modified":"2025-09-23T06:54:23","modified_gmt":"2025-09-23T06:54:23","slug":"leinsamen","status":"publish","type":"product","link":"http:\/\/almadina-bazar.de\/de\/produkt\/leinsamen\/","title":{"rendered":"Leinsamen"},"content":{"rendered":"<p><span style=\"font-weight: 400;\">Leinsamen helfen nicht nur bei der Heilung beanspruchter Magenschleimhaut, sondern versorgen den K\u00f6rper auch mit wichtigen N\u00e4hrstoffen und Vitaminen. Daher eignen sich die Leinsamen auch f\u00fcr einen Pudding.<\/span><\/p>\n","protected":false},"excerpt":{"rendered":"<p>Leinsamen helfen nicht nur bei der Heilung beanspruchter Magenschleimhaut, sondern versorgen den K\u00f6rper auch mit wichtigen N\u00e4hrstoffen und Vitaminen. Daher eignen sich die Leinsamen auch f\u00fcr einen Pudding.<\/p>\n","protected":false},"featured_media":1053,"comment_status":"open","ping_status":"closed","template":"","meta":[],"product_brand":[],"product_cat":[36,35,37],"product_tag":[],"class_list":{"0":"post-1051","1":"product","2":"type-product","3":"status-publish","4":"has-post-thumbnail","6":"product_cat-gewurze-und-krauter","7":"product_cat-alle","8":"product_cat-tee","10":"first","11":"instock","12":"shipping-taxable","13":"product-type-simple"},"_links":{"self":[{"href":"http:\/\/almadina-bazar.de\/de\/wp-json\/wp\/v2\/product\/1051","targetHints":{"allow":["GET"]}}],"collection":[{"href":"http:\/\/almadina-bazar.de\/de\/wp-json\/wp\/v2\/product"}],"about":[{"href":"http:\/\/almadina-bazar.de\/de\/wp-json\/wp\/v2\/types\/product"}],"replies":[{"embeddable":true,"href":"http:\/\/almadina-bazar.de\/de\/wp-json\/wp\/v2\/comments?post=1051"}],"wp:featuredmedia":[{"embeddable":true,"href":"http:\/\/almadina-bazar.de\/de\/wp-json\/wp\/v2\/media\/1053"}],"wp:attachment":[{"href":"http:\/\/almadina-bazar.de\/de\/wp-json\/wp\/v2\/media?parent=1051"}],"wp:term":[{"taxonomy":"product_brand","embeddable":true,"href":"http:\/\/almadina-bazar.de\/de\/wp-json\/wp\/v2\/product_brand?post=1051"},{"taxonomy":"product_cat","embeddable":true,"href":"http:\/\/almadina-bazar.de\/de\/wp-json\/wp\/v2\/product_cat?post=1051"},{"taxonomy":"product_tag","embeddable":true,"href":"http:\/\/almadina-bazar.de\/de\/wp-json\/wp\/v2\/product_tag?post=1051"}],"curies":[{"name":"wp","href":"https:\/\/api.w.org\/{rel}","templated":true}]}}