{"id":1047,"date":"2025-09-23T06:51:55","date_gmt":"2025-09-23T06:51:55","guid":{"rendered":"https:\/\/darkred-boar-326879.hostingersite.com\/product\/lebkuchengewuerz\/"},"modified":"2025-09-23T06:51:55","modified_gmt":"2025-09-23T06:51:55","slug":"lebkuchengewuerz","status":"publish","type":"product","link":"http:\/\/almadina-bazar.de\/de\/produkt\/lebkuchengewuerz\/","title":{"rendered":"Lebkuchengew\u00fcrz"},"content":{"rendered":"<p><span style=\"font-weight: 400;\">Lebkuchengew\u00fcrze sind vielseitig verwendbar. Ob zum Backen, zu S\u00fc\u00dfspeisen oder zum Verfeinern von Milchkaffee<\/span><\/p>\n","protected":false},"excerpt":{"rendered":"<p>Lebkuchengew\u00fcrze sind vielseitig verwendbar. Ob zum Backen, zu S\u00fc\u00dfspeisen oder zum Verfeinern von Milchkaffee<\/p>\n","protected":false},"featured_media":1048,"comment_status":"open","ping_status":"closed","template":"","meta":[],"product_brand":[],"product_cat":[36,35],"product_tag":[],"class_list":{"0":"post-1047","1":"product","2":"type-product","3":"status-publish","4":"has-post-thumbnail","6":"product_cat-gewurze-und-krauter","7":"product_cat-alle","9":"first","10":"instock","11":"shipping-taxable","12":"product-type-simple"},"_links":{"self":[{"href":"http:\/\/almadina-bazar.de\/de\/wp-json\/wp\/v2\/product\/1047","targetHints":{"allow":["GET"]}}],"collection":[{"href":"http:\/\/almadina-bazar.de\/de\/wp-json\/wp\/v2\/product"}],"about":[{"href":"http:\/\/almadina-bazar.de\/de\/wp-json\/wp\/v2\/types\/product"}],"replies":[{"embeddable":true,"href":"http:\/\/almadina-bazar.de\/de\/wp-json\/wp\/v2\/comments?post=1047"}],"wp:featuredmedia":[{"embeddable":true,"href":"http:\/\/almadina-bazar.de\/de\/wp-json\/wp\/v2\/media\/1048"}],"wp:attachment":[{"href":"http:\/\/almadina-bazar.de\/de\/wp-json\/wp\/v2\/media?parent=1047"}],"wp:term":[{"taxonomy":"product_brand","embeddable":true,"href":"http:\/\/almadina-bazar.de\/de\/wp-json\/wp\/v2\/product_brand?post=1047"},{"taxonomy":"product_cat","embeddable":true,"href":"http:\/\/almadina-bazar.de\/de\/wp-json\/wp\/v2\/product_cat?post=1047"},{"taxonomy":"product_tag","embeddable":true,"href":"http:\/\/almadina-bazar.de\/de\/wp-json\/wp\/v2\/product_tag?post=1047"}],"curies":[{"name":"wp","href":"https:\/\/api.w.org\/{rel}","templated":true}]}}