{"id":1044,"date":"2025-09-23T06:50:55","date_gmt":"2025-09-23T06:50:55","guid":{"rendered":"https:\/\/darkred-boar-326879.hostingersite.com\/product\/bunte-pfefferkoerner-colorful-pepper\/"},"modified":"2025-09-23T06:50:55","modified_gmt":"2025-09-23T06:50:55","slug":"bunte-pfefferkoerner-colorful-pepper","status":"publish","type":"product","link":"http:\/\/almadina-bazar.de\/de\/produkt\/bunte-pfefferkoerner-colorful-pepper\/","title":{"rendered":"Bunte Pfefferk\u00f6rner \/ Colorful Pepper"},"content":{"rendered":"<p>Schwarze Pfefferk\u00f6rner sind ebenfalls im bunten Pfeffer enthalten. Die frischen Nuancen des gr\u00fcnen Pfeffers und der sehr scharfe wei\u00dfe Pfeffer verbinden sich jedoch mit dem kr\u00e4ftigen Aroma. Viele Pfeffermischungen enthalten auch rosa Beeren, die oft als rosa Pfeffer bezeichnet werden, botanisch und geschmacklich jedoch nichts mit dem normalen Pfeffer zu tun haben, da sie eher leicht s\u00fc\u00dfe Noten aufweisen.<\/p>\n<p>W\u00e4hrend schwarzer Pfeffer also nur eine Pfeffersorte darstellt, enth\u00e4lt bunter Pfeffer verschiedene Pfeffersorten, die sich in Geschmack und Sch\u00e4rfe unterscheiden.<\/p>\n","protected":false},"excerpt":{"rendered":"<p>Schwarze Pfefferk\u00f6rner sind ebenfalls im bunten Pfeffer enthalten. Die frischen Nuancen des gr\u00fcnen Pfeffers und der sehr scharfe wei\u00dfe Pfeffer verbinden sich jedoch mit dem kr\u00e4ftigen Aroma. Viele Pfeffermischungen enthalten auch rosa Beeren, die oft als rosa Pfeffer bezeichnet werden, botanisch und geschmacklich jedoch nichts mit dem normalen Pfeffer zu tun haben, da sie eher [&hellip;]<\/p>\n","protected":false},"featured_media":1046,"comment_status":"open","ping_status":"closed","template":"","meta":[],"product_brand":[],"product_cat":[36,35,38],"product_tag":[],"class_list":{"0":"post-1044","1":"product","2":"type-product","3":"status-publish","4":"has-post-thumbnail","6":"product_cat-gewurze-und-krauter","7":"product_cat-alle","8":"product_cat-gewurzmischung","10":"first","11":"instock","12":"shipping-taxable","13":"product-type-simple"},"_links":{"self":[{"href":"http:\/\/almadina-bazar.de\/de\/wp-json\/wp\/v2\/product\/1044","targetHints":{"allow":["GET"]}}],"collection":[{"href":"http:\/\/almadina-bazar.de\/de\/wp-json\/wp\/v2\/product"}],"about":[{"href":"http:\/\/almadina-bazar.de\/de\/wp-json\/wp\/v2\/types\/product"}],"replies":[{"embeddable":true,"href":"http:\/\/almadina-bazar.de\/de\/wp-json\/wp\/v2\/comments?post=1044"}],"wp:featuredmedia":[{"embeddable":true,"href":"http:\/\/almadina-bazar.de\/de\/wp-json\/wp\/v2\/media\/1046"}],"wp:attachment":[{"href":"http:\/\/almadina-bazar.de\/de\/wp-json\/wp\/v2\/media?parent=1044"}],"wp:term":[{"taxonomy":"product_brand","embeddable":true,"href":"http:\/\/almadina-bazar.de\/de\/wp-json\/wp\/v2\/product_brand?post=1044"},{"taxonomy":"product_cat","embeddable":true,"href":"http:\/\/almadina-bazar.de\/de\/wp-json\/wp\/v2\/product_cat?post=1044"},{"taxonomy":"product_tag","embeddable":true,"href":"http:\/\/almadina-bazar.de\/de\/wp-json\/wp\/v2\/product_tag?post=1044"}],"curies":[{"name":"wp","href":"https:\/\/api.w.org\/{rel}","templated":true}]}}