{"id":1042,"date":"2025-09-23T06:49:36","date_gmt":"2025-09-23T06:49:36","guid":{"rendered":"https:\/\/darkred-boar-326879.hostingersite.com\/product\/knoblauch\/"},"modified":"2025-09-23T06:49:36","modified_gmt":"2025-09-23T06:49:36","slug":"knoblauch","status":"publish","type":"product","link":"http:\/\/almadina-bazar.de\/de\/produkt\/knoblauch\/","title":{"rendered":"Knoblauch"},"content":{"rendered":"<p><span style=\"font-weight: 400;\">Knoblauch ist allen als k\u00f6stliche Kochzutat bekannt, besonders in der mediterranen K\u00fcche, obwohl nicht alle den Geschmack von Knoblauch m\u00f6gen.<\/span><\/p>\n<p><span style=\"font-weight: 400;\">Knoblauch ist jedoch auch ein ausgezeichnetes Medikament f\u00fcr Ihre Gesundheit. Es wirkt nicht nur antibakteriell, sondern auch gegen Arteriosklerose, was es sehr wertvoll macht, da es nur wenige Heilpflanzen gibt, die die Gef\u00e4\u00dfe verengen.<\/span><\/p>\n<p>&nbsp;<\/p>\n<p><span style=\"font-weight: 400;\">In erster Linie kann man die Knoblauchzehen essen, am besten roh im Salat.\u00a0<\/span><\/p>\n<p><span style=\"font-weight: 400;\">Aber auch gekocht ist der Knoblauch f\u00f6rderlich f\u00fcr die Gesundheit.\u00a0<\/span><\/p>\n<p><span style=\"font-weight: 400;\">Der typische Knoblauchgeruch l\u00e4sst sich leider nicht ganz umgehen, aber wenn alle Menschen, mit denen man direkten Kontakt hat, auch Knoblauch gegessen haben, dann st\u00f6rt der Geruch nicht.\u00a0<\/span><\/p>\n<p><span style=\"font-weight: 400;\">Ganz frisch geernteter Knoblauch riecht \u00fcbrigens deutlich weniger streng als abgelagerter Knoblauch.\u00a0<\/span><\/p>\n<p><span style=\"font-weight: 400;\">Regelm\u00e4ssig angwendet wirkt Knoblauch gegen Arteriosklerose, das heisst, er verringert Ablagerungen in den Blutgef\u00e4ssen und verhindert, dass sich neue bilden.<\/span><\/p>\n","protected":false},"excerpt":{"rendered":"<p>Knoblauch ist allen als k\u00f6stliche Kochzutat bekannt, besonders in der mediterranen K\u00fcche, obwohl nicht alle den Geschmack von Knoblauch m\u00f6gen. Knoblauch ist jedoch auch ein ausgezeichnetes Medikament f\u00fcr Ihre Gesundheit. Es wirkt nicht nur antibakteriell, sondern auch gegen Arteriosklerose, was es sehr wertvoll macht, da es nur wenige Heilpflanzen gibt, die die Gef\u00e4\u00dfe verengen. &nbsp; [&hellip;]<\/p>\n","protected":false},"featured_media":1043,"comment_status":"open","ping_status":"closed","template":"","meta":[],"product_brand":[],"product_cat":[36,35],"product_tag":[],"class_list":{"0":"post-1042","1":"product","2":"type-product","3":"status-publish","4":"has-post-thumbnail","6":"product_cat-gewurze-und-krauter","7":"product_cat-alle","9":"first","10":"instock","11":"shipping-taxable","12":"product-type-simple"},"_links":{"self":[{"href":"http:\/\/almadina-bazar.de\/de\/wp-json\/wp\/v2\/product\/1042","targetHints":{"allow":["GET"]}}],"collection":[{"href":"http:\/\/almadina-bazar.de\/de\/wp-json\/wp\/v2\/product"}],"about":[{"href":"http:\/\/almadina-bazar.de\/de\/wp-json\/wp\/v2\/types\/product"}],"replies":[{"embeddable":true,"href":"http:\/\/almadina-bazar.de\/de\/wp-json\/wp\/v2\/comments?post=1042"}],"wp:featuredmedia":[{"embeddable":true,"href":"http:\/\/almadina-bazar.de\/de\/wp-json\/wp\/v2\/media\/1043"}],"wp:attachment":[{"href":"http:\/\/almadina-bazar.de\/de\/wp-json\/wp\/v2\/media?parent=1042"}],"wp:term":[{"taxonomy":"product_brand","embeddable":true,"href":"http:\/\/almadina-bazar.de\/de\/wp-json\/wp\/v2\/product_brand?post=1042"},{"taxonomy":"product_cat","embeddable":true,"href":"http:\/\/almadina-bazar.de\/de\/wp-json\/wp\/v2\/product_cat?post=1042"},{"taxonomy":"product_tag","embeddable":true,"href":"http:\/\/almadina-bazar.de\/de\/wp-json\/wp\/v2\/product_tag?post=1042"}],"curies":[{"name":"wp","href":"https:\/\/api.w.org\/{rel}","templated":true}]}}