{"id":1037,"date":"2025-09-23T06:44:36","date_gmt":"2025-09-23T06:44:36","guid":{"rendered":"https:\/\/darkred-boar-326879.hostingersite.com\/product\/koriander-seeds-coriander-coriandrum-sativum\/"},"modified":"2025-09-23T06:44:36","modified_gmt":"2025-09-23T06:44:36","slug":"koriander-seeds-coriander-coriandrum-sativum","status":"publish","type":"product","link":"http:\/\/almadina-bazar.de\/de\/produkt\/koriander-seeds-coriander-coriandrum-sativum\/","title":{"rendered":"Koriander Seeds\/Coriander\/Coriandrum sativum"},"content":{"rendered":"<p><span style=\"font-weight: 400;\">Die Geschichte des Korianders erstreckt sich \u00fcber mehrere Kontinente und Jahrhunderte. Hippokrates, der altgriechische Arzt, empfahl die Verwendung von Koriander in der Medizin. Plinius erw\u00e4hnte, dass der hochwertigste Koriander, der in Italien gefunden wurde, das war, was in \u00c4gypten angebaut wurde. Koriandersamen scheinen von den alten \u00c4gyptern sehr gesch\u00e4tzt worden zu sein, da sie in Gr\u00e4bern der 21. Dynastie gefunden wurden.<\/span><\/p>\n<p><span style=\"font-weight: 400;\">Koriander wird bei Verdauungsproblemen wie Magenverstimmung, Appetitlosigkeit, Leistenbruch, \u00dcbelkeit, Durchfall, Darmspasmen und Darmgas eingesetzt. Es wird auch zur Behandlung von Masern, H\u00e4morrhoiden, Zahnschmerzen, W\u00fcrmern und Gelenkschmerzen eingesetzt. Es wird auch bei Infektionen durch Bakterien und Pilze eingesetzt.<\/span><\/p>\n<p><span style=\"font-weight: 400;\">Einige stillende Frauen verwenden Koriander, um den Milchfluss zu erh\u00f6hen; in Lebensmitteln wird Koriander als kulinarisches Gew\u00fcrz und zur Vermeidung von Lebensmittelvergiftungen verwendet. Bei der Herstellung wird Koriander als Aromastoff in Medikamenten und Tabak sowie als Duftstoff in Kosmetika und Seifen verwendet.<\/span><\/p>\n","protected":false},"excerpt":{"rendered":"<p><b>Erntezeit :Fr\u00fchling bis Fr\u00fchsommer<\/b><\/p>\n","protected":false},"featured_media":1038,"comment_status":"open","ping_status":"closed","template":"","meta":[],"product_brand":[],"product_cat":[36,35],"product_tag":[],"class_list":{"0":"post-1037","1":"product","2":"type-product","3":"status-publish","4":"has-post-thumbnail","6":"product_cat-gewurze-und-krauter","7":"product_cat-alle","9":"first","10":"instock","11":"shipping-taxable","12":"product-type-simple"},"_links":{"self":[{"href":"http:\/\/almadina-bazar.de\/de\/wp-json\/wp\/v2\/product\/1037","targetHints":{"allow":["GET"]}}],"collection":[{"href":"http:\/\/almadina-bazar.de\/de\/wp-json\/wp\/v2\/product"}],"about":[{"href":"http:\/\/almadina-bazar.de\/de\/wp-json\/wp\/v2\/types\/product"}],"replies":[{"embeddable":true,"href":"http:\/\/almadina-bazar.de\/de\/wp-json\/wp\/v2\/comments?post=1037"}],"wp:featuredmedia":[{"embeddable":true,"href":"http:\/\/almadina-bazar.de\/de\/wp-json\/wp\/v2\/media\/1038"}],"wp:attachment":[{"href":"http:\/\/almadina-bazar.de\/de\/wp-json\/wp\/v2\/media?parent=1037"}],"wp:term":[{"taxonomy":"product_brand","embeddable":true,"href":"http:\/\/almadina-bazar.de\/de\/wp-json\/wp\/v2\/product_brand?post=1037"},{"taxonomy":"product_cat","embeddable":true,"href":"http:\/\/almadina-bazar.de\/de\/wp-json\/wp\/v2\/product_cat?post=1037"},{"taxonomy":"product_tag","embeddable":true,"href":"http:\/\/almadina-bazar.de\/de\/wp-json\/wp\/v2\/product_tag?post=1037"}],"curies":[{"name":"wp","href":"https:\/\/api.w.org\/{rel}","templated":true}]}}