{"id":1028,"date":"2025-09-23T06:38:22","date_gmt":"2025-09-23T06:38:22","guid":{"rendered":"https:\/\/darkred-boar-326879.hostingersite.com\/product\/chili\/"},"modified":"2025-09-23T06:38:22","modified_gmt":"2025-09-23T06:38:22","slug":"chili","status":"publish","type":"product","link":"http:\/\/almadina-bazar.de\/de\/produkt\/chili\/","title":{"rendered":"Chili"},"content":{"rendered":"<p><span style=\"font-weight: 400;\">Chilis sind kleine, superscharfe Paprikas , die gerne in der s\u00fcdl\u00e4ndischen K\u00fcche verwendet werden, um den Mahlzeiten die erw\u00fcnschte Sch\u00e4rfe zu geben.\u00a0<\/span><\/p>\n<p><span style=\"font-weight: 400;\">Diese Sch\u00e4rfe tropischer Gerichte hat auch wichtige medizinische Aspekte, denn dadurch werden Krankheitserreger abget\u00f6tet, die Verdauung gest\u00e4rkt und der Stoffwechsel angeregt.\u00a0<\/span><\/p>\n<p><span style=\"font-weight: 400;\">\u00c4usserlich angewandt steigert Chili die Durchblutung und kann schmerzhafte Beschwerden des Bewegungsapparates lindern.<\/span><\/p>\n","protected":false},"excerpt":{"rendered":"<p><b>\u00a0Erntezeit: Fr\u00fchling bis Herbst<\/b><\/p>\n","protected":false},"featured_media":1030,"comment_status":"open","ping_status":"closed","template":"","meta":[],"product_brand":[],"product_cat":[36,35],"product_tag":[],"class_list":{"0":"post-1028","1":"product","2":"type-product","3":"status-publish","4":"has-post-thumbnail","6":"product_cat-gewurze-und-krauter","7":"product_cat-alle","9":"first","10":"instock","11":"shipping-taxable","12":"product-type-simple"},"_links":{"self":[{"href":"http:\/\/almadina-bazar.de\/de\/wp-json\/wp\/v2\/product\/1028","targetHints":{"allow":["GET"]}}],"collection":[{"href":"http:\/\/almadina-bazar.de\/de\/wp-json\/wp\/v2\/product"}],"about":[{"href":"http:\/\/almadina-bazar.de\/de\/wp-json\/wp\/v2\/types\/product"}],"replies":[{"embeddable":true,"href":"http:\/\/almadina-bazar.de\/de\/wp-json\/wp\/v2\/comments?post=1028"}],"wp:featuredmedia":[{"embeddable":true,"href":"http:\/\/almadina-bazar.de\/de\/wp-json\/wp\/v2\/media\/1030"}],"wp:attachment":[{"href":"http:\/\/almadina-bazar.de\/de\/wp-json\/wp\/v2\/media?parent=1028"}],"wp:term":[{"taxonomy":"product_brand","embeddable":true,"href":"http:\/\/almadina-bazar.de\/de\/wp-json\/wp\/v2\/product_brand?post=1028"},{"taxonomy":"product_cat","embeddable":true,"href":"http:\/\/almadina-bazar.de\/de\/wp-json\/wp\/v2\/product_cat?post=1028"},{"taxonomy":"product_tag","embeddable":true,"href":"http:\/\/almadina-bazar.de\/de\/wp-json\/wp\/v2\/product_tag?post=1028"}],"curies":[{"name":"wp","href":"https:\/\/api.w.org\/{rel}","templated":true}]}}