{"id":1023,"date":"2025-09-23T06:35:40","date_gmt":"2025-09-23T06:35:40","guid":{"rendered":"https:\/\/darkred-boar-326879.hostingersite.com\/product\/hibiskus-roselle-hibiscus-sabdariffa\/"},"modified":"2025-09-23T06:35:40","modified_gmt":"2025-09-23T06:35:40","slug":"hibiskus-roselle-hibiscus-sabdariffa","status":"publish","type":"product","link":"http:\/\/almadina-bazar.de\/de\/produkt\/hibiskus-roselle-hibiscus-sabdariffa\/","title":{"rendered":"Hibiskus\/Roselle\/Hibiscus sabdariffa"},"content":{"rendered":"<p><span style=\"font-weight: 400;\">Angola Roselle stammt aus Westafrika und wird heute in \u00c4gypten, Sudan, Thailand, Mexiko und China sowie in den meisten tropischen und subtropischen Gebieten angebaut. Roselle wird gerne in Tees und kalten Beilagen verwendet und wurde traditionell zur Senkung des Blutdrucks sowie als harntreibendes und mildes Laxativum verwendet.<\/span><\/p>\n<p><span style=\"font-weight: 400;\">Roselle wird nicht nur in Getr\u00e4nken und Teeaufg\u00fcssen verwendet, sondern auch in einer Vielzahl von k\u00f6stlichen Desserts wie Pudding, Gelee und Eiscreme. Auch in Indien wird die Roselfaser f\u00fcr den Einsatz in der Textilindustrie angebaut und sehr begehrt. In Indien gilt Roselle als Gem\u00fcse und wird in schmackhaften Gerichten mit Linsen, Huhn und Knoblauch serviert.<\/span><\/p>\n<p><span style=\"font-weight: 400;\">Mit seinen entz\u00fcndungshemmenden und antibiotischen Eigenschaften ist der Cocktail aus Antioxidantien und Flavonoiden in der Roselle zur Behandlung von Erkrankungen der Atemwege, zur Aufrechterhaltung des Blutdrucks und zur nat\u00fcrlichen St\u00e4rkung des Immunsystems eigesetzt. Das Interesse an den gesundheitlichen Vorteilen von Roselle hat mehrere wissenschaftliche Studien angesto\u00dfen, um die medizinischen Anwendungen des Krauts weiter zu untersuchen.<\/span><\/p>\n","protected":false},"excerpt":{"rendered":"<p><b>\u00a0Erntezeig: Herbst<\/b><\/p>\n","protected":false},"featured_media":1024,"comment_status":"open","ping_status":"closed","template":"","meta":[],"product_brand":[],"product_cat":[36,35,37],"product_tag":[],"class_list":{"0":"post-1023","1":"product","2":"type-product","3":"status-publish","4":"has-post-thumbnail","6":"product_cat-gewurze-und-krauter","7":"product_cat-alle","8":"product_cat-tee","10":"first","11":"instock","12":"shipping-taxable","13":"product-type-simple"},"_links":{"self":[{"href":"http:\/\/almadina-bazar.de\/de\/wp-json\/wp\/v2\/product\/1023","targetHints":{"allow":["GET"]}}],"collection":[{"href":"http:\/\/almadina-bazar.de\/de\/wp-json\/wp\/v2\/product"}],"about":[{"href":"http:\/\/almadina-bazar.de\/de\/wp-json\/wp\/v2\/types\/product"}],"replies":[{"embeddable":true,"href":"http:\/\/almadina-bazar.de\/de\/wp-json\/wp\/v2\/comments?post=1023"}],"wp:featuredmedia":[{"embeddable":true,"href":"http:\/\/almadina-bazar.de\/de\/wp-json\/wp\/v2\/media\/1024"}],"wp:attachment":[{"href":"http:\/\/almadina-bazar.de\/de\/wp-json\/wp\/v2\/media?parent=1023"}],"wp:term":[{"taxonomy":"product_brand","embeddable":true,"href":"http:\/\/almadina-bazar.de\/de\/wp-json\/wp\/v2\/product_brand?post=1023"},{"taxonomy":"product_cat","embeddable":true,"href":"http:\/\/almadina-bazar.de\/de\/wp-json\/wp\/v2\/product_cat?post=1023"},{"taxonomy":"product_tag","embeddable":true,"href":"http:\/\/almadina-bazar.de\/de\/wp-json\/wp\/v2\/product_tag?post=1023"}],"curies":[{"name":"wp","href":"https:\/\/api.w.org\/{rel}","templated":true}]}}