{"id":1019,"date":"2025-09-23T06:32:15","date_gmt":"2025-09-23T06:32:15","guid":{"rendered":"https:\/\/darkred-boar-326879.hostingersite.com\/product\/ringelblume-calendula-calandula-officinalis\/"},"modified":"2025-09-23T06:32:15","modified_gmt":"2025-09-23T06:32:15","slug":"ringelblume-calendula-calandula-officinalis","status":"publish","type":"product","link":"http:\/\/almadina-bazar.de\/de\/produkt\/ringelblume-calendula-calandula-officinalis\/","title":{"rendered":"Ringelblume\/Calendula\/Calandula officinalis"},"content":{"rendered":"<p><span style=\"font-weight: 400;\">Sie stammt aus Mittel-, Ost- und S\u00fcdeuropa und Nordafrika. W\u00e4chst auf etwa 0,30 bis 0,60 Meter H\u00f6he und zeichnet sich durch mittelgro\u00dfe, gr\u00fcne Bl\u00e4tter und einen verzweigten, duftenden Stiel mit sch\u00f6nen G\u00e4nsebl\u00fcmchen aus. Die Bl\u00fctenk\u00f6pfe wachsen von 4 bis 7 cm Durchmesser und ergeben ein augenfreundliches Sortiment an hellorangen, gelben, goldenen und dunkelgelben Bl\u00fcten.<\/span><\/p>\n<p><span style=\"font-weight: 400;\">Diese wunderbare Pflanze h\u00f6rt nicht auf, ihre Sch\u00f6nheit zu zeigen; ihre medizinischen Wirkungen sind genauso vielf\u00e4ltig. Ihre Bl\u00fcten wurden und werden in der griechischen, r\u00f6mischen, nah\u00f6stlichen und indischen Kultur als Heilkraut sowie als Farbstoff f\u00fcr Stoffe, Lebensmittel und Kosmetika verwendet. Die Ringelblume ist auch bei verschiedenen haut- und gewebsmedizinischen Zwecken von Bedeutung. Sie wird auch f\u00fcr kommerzielle, k\u00fcnstliche Cremes verwendet, bei denen sie f\u00fcr Windelausschl\u00e4ge und das Beruhigen von zerrissenen Brustwarzen verwendet wird (beim Stillen), ohne dass das Risiko besteht, dass das Baby mit einer der negativen Nachwirkungen infiziert wird. Es behandelt auch Br\u00fcste, Geschw\u00fcre, Beingeschw\u00fcre, Fieber, niedrige Immunschw\u00e4che und H\u00e4morrhoiden; mehr Gr\u00fcnde, warum Calendula Ihnen jederzeit zur Verf\u00fcgung stehen sollte.<\/span><\/p>\n","protected":false},"excerpt":{"rendered":"<p><b>\u00a0\u00a0\u00a0Erntezeit: Winter bis Fr\u00fchling<\/b><\/p>\n","protected":false},"featured_media":1020,"comment_status":"open","ping_status":"closed","template":"","meta":[],"product_brand":[],"product_cat":[35,37],"product_tag":[],"class_list":{"0":"post-1019","1":"product","2":"type-product","3":"status-publish","4":"has-post-thumbnail","6":"product_cat-alle","7":"product_cat-tee","9":"first","10":"instock","11":"shipping-taxable","12":"product-type-simple"},"_links":{"self":[{"href":"http:\/\/almadina-bazar.de\/de\/wp-json\/wp\/v2\/product\/1019","targetHints":{"allow":["GET"]}}],"collection":[{"href":"http:\/\/almadina-bazar.de\/de\/wp-json\/wp\/v2\/product"}],"about":[{"href":"http:\/\/almadina-bazar.de\/de\/wp-json\/wp\/v2\/types\/product"}],"replies":[{"embeddable":true,"href":"http:\/\/almadina-bazar.de\/de\/wp-json\/wp\/v2\/comments?post=1019"}],"wp:featuredmedia":[{"embeddable":true,"href":"http:\/\/almadina-bazar.de\/de\/wp-json\/wp\/v2\/media\/1020"}],"wp:attachment":[{"href":"http:\/\/almadina-bazar.de\/de\/wp-json\/wp\/v2\/media?parent=1019"}],"wp:term":[{"taxonomy":"product_brand","embeddable":true,"href":"http:\/\/almadina-bazar.de\/de\/wp-json\/wp\/v2\/product_brand?post=1019"},{"taxonomy":"product_cat","embeddable":true,"href":"http:\/\/almadina-bazar.de\/de\/wp-json\/wp\/v2\/product_cat?post=1019"},{"taxonomy":"product_tag","embeddable":true,"href":"http:\/\/almadina-bazar.de\/de\/wp-json\/wp\/v2\/product_tag?post=1019"}],"curies":[{"name":"wp","href":"https:\/\/api.w.org\/{rel}","templated":true}]}}