{"id":1016,"date":"2025-09-23T06:30:30","date_gmt":"2025-09-23T06:30:30","guid":{"rendered":"https:\/\/darkred-boar-326879.hostingersite.com\/product\/kamille-chamomile-matricaria-chamomilla\/"},"modified":"2025-09-23T06:30:30","modified_gmt":"2025-09-23T06:30:30","slug":"kamille-chamomile-matricaria-chamomilla","status":"publish","type":"product","link":"http:\/\/almadina-bazar.de\/de\/produkt\/kamille-chamomile-matricaria-chamomilla\/","title":{"rendered":"Kamille\/Chamomile\/Matricaria chamomilla"},"content":{"rendered":"<p><span style=\"font-weight: 400;\">Kamille ist eine bl\u00fchende Pflanze, die in Europa, Nordwestasien und Nordafrika heimisch ist und erstmals in alt\u00e4gyptischen Hieroglyphen als Hauptbestandteil in Einbalsamierungs\u00f6l und Kosmetika dokumentiert wurde. Aufgrund der vielf\u00e4ltigen medizinischen und beruhigenden Eigenschaften der Pflanzen wurde es in alte anglo-s\u00e4chsische Schriften aufgenommen, wie auf die &#8222;Neun heiligen Kr\u00e4uter&#8220; der Lacnunga. In vielen gem\u00e4\u00dfigten Klimazonen eingeb\u00fcrgert, wird Kamille seit dem Mittelalter von R\u00f6mern, Spaniern, Anglo-Sachsen und Normannen in Brauereien, Kr\u00e4utertees, Weihrauch, Heilmitteln und Shampoos verwendet.<\/span><\/p>\n<p><span style=\"font-weight: 400;\">Kamille ist bekannt daf\u00fcr, entz\u00fcndete Hautstellen zu beruhigen und wird \u00e4u\u00dferlich als Kompresse angewendet, um Schwellungen zu reduzieren und bakterielle Infektionen zu bek\u00e4mpfen. Beim Verzehr ist die Pflanze mit einer Vielzahl von medizinischen Vorteilen verbunden, darunter: Beruhigung von Magenschmerzen, Einschlafen, Behandlung von Brustirritationen und Reduzierung von Menstruationskr\u00e4mpfen. Die wundheilenden Eigenschaften der Kamille wurden ebenfalls dokumentiert, obwohl die endg\u00fcltigen Ergebnisse noch nicht durch Laboruntersuchungen best\u00e4tigt wurden.<\/span><\/p>\n<p><span style=\"font-weight: 400;\">In der modernen Medizin hat die Einwirkung von Kamille auf Krebszellen die Zelllebensf\u00e4higkeit in verschiedenen menschlichen Krebszelllinien reduziert und die Zellteilung von Krebszellen angeregt, aber nicht in normalen Zellen bei \u00e4hnlichen Dosen. Diese Entdeckung verfestigt die starke krebshemmende Wirkung der Pflanze gegen Prostatakrebs.<\/span><\/p>\n","protected":false},"excerpt":{"rendered":"<p><b>Erntezeit: Winter bis Fr\u00fchling<\/b><\/p>\n","protected":false},"featured_media":1018,"comment_status":"open","ping_status":"closed","template":"","meta":[],"product_brand":[],"product_cat":[35,37],"product_tag":[],"class_list":{"0":"post-1016","1":"product","2":"type-product","3":"status-publish","4":"has-post-thumbnail","6":"product_cat-alle","7":"product_cat-tee","9":"first","10":"instock","11":"shipping-taxable","12":"product-type-simple"},"_links":{"self":[{"href":"http:\/\/almadina-bazar.de\/de\/wp-json\/wp\/v2\/product\/1016","targetHints":{"allow":["GET"]}}],"collection":[{"href":"http:\/\/almadina-bazar.de\/de\/wp-json\/wp\/v2\/product"}],"about":[{"href":"http:\/\/almadina-bazar.de\/de\/wp-json\/wp\/v2\/types\/product"}],"replies":[{"embeddable":true,"href":"http:\/\/almadina-bazar.de\/de\/wp-json\/wp\/v2\/comments?post=1016"}],"wp:featuredmedia":[{"embeddable":true,"href":"http:\/\/almadina-bazar.de\/de\/wp-json\/wp\/v2\/media\/1018"}],"wp:attachment":[{"href":"http:\/\/almadina-bazar.de\/de\/wp-json\/wp\/v2\/media?parent=1016"}],"wp:term":[{"taxonomy":"product_brand","embeddable":true,"href":"http:\/\/almadina-bazar.de\/de\/wp-json\/wp\/v2\/product_brand?post=1016"},{"taxonomy":"product_cat","embeddable":true,"href":"http:\/\/almadina-bazar.de\/de\/wp-json\/wp\/v2\/product_cat?post=1016"},{"taxonomy":"product_tag","embeddable":true,"href":"http:\/\/almadina-bazar.de\/de\/wp-json\/wp\/v2\/product_tag?post=1016"}],"curies":[{"name":"wp","href":"https:\/\/api.w.org\/{rel}","templated":true}]}}