{"id":1013,"date":"2025-09-23T06:28:48","date_gmt":"2025-09-23T06:28:48","guid":{"rendered":"https:\/\/darkred-boar-326879.hostingersite.com\/product\/salbei-sage-salvia-officinalis\/"},"modified":"2025-10-14T12:14:02","modified_gmt":"2025-10-14T12:14:02","slug":"salbei-sage-salvia-officinalis","status":"publish","type":"product","link":"http:\/\/almadina-bazar.de\/de\/produkt\/salbei-sage-salvia-officinalis\/","title":{"rendered":"Salbei \/ Sage \/ Salvia officinalis"},"content":{"rendered":"<p><span style=\"font-weight: 400;\">Salbeibl\u00e4tter sind ein umfassendes Allheilmittel zur Behandlung von Krankheiten, die von Entz\u00fcndungen bis hin zu sauerstoffbasierten Sch\u00e4den in Zellen reichen. In der Antike machten die verdauungsf\u00f6rdernden und aphrodisiakalen Eigenschaften des Krauts den Salbei zur beliebten Spezialit\u00e4t in China und dem alten \u00c4gypten. Die Popularit\u00e4t von Salbei verbreitete sich in ganz Europa, wo die Griechen und R\u00f6mer das Kraut in Heilmitteln verwendeten, von denen man annahm, dass sie Husten heilen und b\u00f6se Geister abwehren sollen.<\/span><\/p>\n<p><span style=\"font-weight: 400;\">Als \u00e4u\u00dferes Heilmittel werden Wunden durch die antimikrobiellen und pilzt\u00f6tenden Eigenschaften des Krauts desinfiziert, infizierte Schleimh\u00e4ute beruhigt und Hautinfektionen gelindert. In der Neuzeit sind die getrockneten Bl\u00e4tter der Salbeipflanze f\u00fcr den internen Gebrauch zugelassen, um milde gastronomische St\u00f6rungen und \u00fcberm\u00e4\u00dfiges Schwitzen und Speicheln zu behandeln.<\/span><\/p>\n<p><span style=\"font-weight: 400;\">\u00c4hnlich wie Rosmarin wurde Salbei\u00f6l entdeckt, um die Gehirnfunktion und die Ged\u00e4chtnisleistung zu verbessern. W\u00e4hrend die umfassenden Vorteile von Salbei die Pflanze in klinische und pharmazeutische Anwendungen integriert haben, gibt es eine Reihe von negativen Auswirkungen, die mit der \u00fcberm\u00e4\u00dfigen Aufnahme des Krauts verbunden sind; deshalb ist es nicht ratsam, Salbei bei schweren Erkrankungen ohne die Aufsicht eines Arztes zu verwenden.<\/span><\/p>\n","protected":false},"excerpt":{"rendered":"<p><strong>Erntezeit: Fr\u00fchling bis Herbst<\/strong><\/p>\n","protected":false},"featured_media":1015,"comment_status":"open","ping_status":"closed","template":"","meta":[],"product_brand":[],"product_cat":[36,35,37],"product_tag":[],"class_list":{"0":"post-1013","1":"product","2":"type-product","3":"status-publish","4":"has-post-thumbnail","6":"product_cat-gewurze-und-krauter","7":"product_cat-alle","8":"product_cat-tee","10":"first","11":"instock","12":"shipping-taxable","13":"product-type-simple"},"_links":{"self":[{"href":"http:\/\/almadina-bazar.de\/de\/wp-json\/wp\/v2\/product\/1013","targetHints":{"allow":["GET"]}}],"collection":[{"href":"http:\/\/almadina-bazar.de\/de\/wp-json\/wp\/v2\/product"}],"about":[{"href":"http:\/\/almadina-bazar.de\/de\/wp-json\/wp\/v2\/types\/product"}],"replies":[{"embeddable":true,"href":"http:\/\/almadina-bazar.de\/de\/wp-json\/wp\/v2\/comments?post=1013"}],"wp:featuredmedia":[{"embeddable":true,"href":"http:\/\/almadina-bazar.de\/de\/wp-json\/wp\/v2\/media\/1015"}],"wp:attachment":[{"href":"http:\/\/almadina-bazar.de\/de\/wp-json\/wp\/v2\/media?parent=1013"}],"wp:term":[{"taxonomy":"product_brand","embeddable":true,"href":"http:\/\/almadina-bazar.de\/de\/wp-json\/wp\/v2\/product_brand?post=1013"},{"taxonomy":"product_cat","embeddable":true,"href":"http:\/\/almadina-bazar.de\/de\/wp-json\/wp\/v2\/product_cat?post=1013"},{"taxonomy":"product_tag","embeddable":true,"href":"http:\/\/almadina-bazar.de\/de\/wp-json\/wp\/v2\/product_tag?post=1013"}],"curies":[{"name":"wp","href":"https:\/\/api.w.org\/{rel}","templated":true}]}}