{"id":1007,"date":"2025-09-23T06:23:51","date_gmt":"2025-09-23T06:23:51","guid":{"rendered":"https:\/\/darkred-boar-326879.hostingersite.com\/product\/dill-dill-anethum-graveolens\/"},"modified":"2025-09-23T06:23:51","modified_gmt":"2025-09-23T06:23:51","slug":"dill-dill-anethum-graveolens","status":"publish","type":"product","link":"http:\/\/almadina-bazar.de\/de\/produkt\/dill-dill-anethum-graveolens\/","title":{"rendered":"Dill \/ Dill \/ Anethum graveolens"},"content":{"rendered":"<p><span style=\"font-weight: 400;\">Vor \u00fcber 2000 Jahren in Westasien entdeckt, ist Dill das Wunderkraut, das kulinarischen und medizinischen Zwecken dient. Er w\u00e4chst bis zu 40 &#8211; 120 cm hoch, mit schlanken Hohlstielen und wechselnden, fein geteilten, weich zarten Bl\u00e4ttern von 10 &#8211; 20 cm L\u00e4nge.<\/span><\/p>\n<p><span style=\"font-weight: 400;\">Dill hat seine Pr\u00e4senz auf der gesamten arabischen Hemisph\u00e4re. Er ist ein k\u00f6stliches Gew\u00fcrz in fettreichen Salaten und in eingelegten Gurken. Es hat auch die Geschmacksnerven von Millionen Menschen in verschiedenen Fisch- und Kohlgerichten erfreut, darunter das beliebte \u00e4gyptische Mahshi-Koronb-Gericht (gef\u00fcllte Kohlbl\u00e4tter). Dill erweitert seine wunderbaren Heilkr\u00e4fte auf den medizinischen Bereich, da es als wirksame Erg\u00e4nzung zu Husten-, Erk\u00e4ltungs- und Grippemittel eingesetzt wird. Frauen werden sich freuen zu wissen, dass Schokolade auf der Liste ihrer Lieblingsspeisen an zweiter Stelle stehen wird, da Dill mit krampfl\u00f6senden Mitteln wie beispielsweise Viburnum opulus verwendet werden kann, um Menstruationsschmerzen zu lindern und auch den Milchfluss der Stillenden zu erh\u00f6hen. Es hilft sogar, Koliken vorzubeugen, wenn sie von Babys in der Milch eingenommen werden.<\/span><\/p>\n<p><span style=\"font-weight: 400;\">Der Nutzen reicht bis tief in die Samen hinein, sie sind aromatisch, leicht harntreibend und feuchtigkeitsspendend. Sie sind ein Mittel gegen eine Vielzahl von Verdauungsproblemen und werden auch in Form eines extrahierten \u00e4therischen \u00d6ls verwendet, das den Darmspasmus und -griff lindert und hilft, Koliken zu lindern. Sie sollten das Kauen all dieser zuckerhaltigen Gummis und Pfefferminzbonbons nochmals \u00fcberdenken, denn das Kauen von Dillsamen verbessert den schlechten Atem. <\/span><\/p>\n","protected":false},"excerpt":{"rendered":"<p><b>Erntezeit: Herbst bis Fr\u00fchling<\/b><\/p>\n","protected":false},"featured_media":1009,"comment_status":"open","ping_status":"closed","template":"","meta":[],"product_brand":[],"product_cat":[36,35],"product_tag":[],"class_list":{"0":"post-1007","1":"product","2":"type-product","3":"status-publish","4":"has-post-thumbnail","6":"product_cat-gewurze-und-krauter","7":"product_cat-alle","9":"first","10":"instock","11":"shipping-taxable","12":"product-type-simple"},"_links":{"self":[{"href":"http:\/\/almadina-bazar.de\/de\/wp-json\/wp\/v2\/product\/1007","targetHints":{"allow":["GET"]}}],"collection":[{"href":"http:\/\/almadina-bazar.de\/de\/wp-json\/wp\/v2\/product"}],"about":[{"href":"http:\/\/almadina-bazar.de\/de\/wp-json\/wp\/v2\/types\/product"}],"replies":[{"embeddable":true,"href":"http:\/\/almadina-bazar.de\/de\/wp-json\/wp\/v2\/comments?post=1007"}],"wp:featuredmedia":[{"embeddable":true,"href":"http:\/\/almadina-bazar.de\/de\/wp-json\/wp\/v2\/media\/1009"}],"wp:attachment":[{"href":"http:\/\/almadina-bazar.de\/de\/wp-json\/wp\/v2\/media?parent=1007"}],"wp:term":[{"taxonomy":"product_brand","embeddable":true,"href":"http:\/\/almadina-bazar.de\/de\/wp-json\/wp\/v2\/product_brand?post=1007"},{"taxonomy":"product_cat","embeddable":true,"href":"http:\/\/almadina-bazar.de\/de\/wp-json\/wp\/v2\/product_cat?post=1007"},{"taxonomy":"product_tag","embeddable":true,"href":"http:\/\/almadina-bazar.de\/de\/wp-json\/wp\/v2\/product_tag?post=1007"}],"curies":[{"name":"wp","href":"https:\/\/api.w.org\/{rel}","templated":true}]}}