{"id":953,"date":"2025-09-21T11:10:13","date_gmt":"2025-09-21T11:10:13","guid":{"rendered":"https:\/\/darkred-boar-326879.hostingersite.com\/ueber-uns\/"},"modified":"2025-10-15T09:02:15","modified_gmt":"2025-10-15T09:02:15","slug":"ueber-uns","status":"publish","type":"page","link":"http:\/\/almadina-bazar.de\/de\/ueber-uns\/","title":{"rendered":"\u00dcber uns"},"content":{"rendered":"\t\t<div data-elementor-type=\"wp-page\" data-elementor-id=\"953\" class=\"elementor elementor-953 elementor-11\" data-elementor-post-type=\"page\">\n\t\t\t\t<div class=\"elementor-element elementor-element-f91504f e-flex e-con-boxed e-con e-parent\" data-id=\"f91504f\" data-element_type=\"container\" data-settings=\"{&quot;background_background&quot;:&quot;classic&quot;}\">\n\t\t\t\t\t<div class=\"e-con-inner\">\n\t\t\t\t<div class=\"elementor-element elementor-element-52369e2 elementor-icon-list--layout-inline elementor-align-center elementor-list-item-link-full_width elementor-widget elementor-widget-icon-list\" data-id=\"52369e2\" data-element_type=\"widget\" data-widget_type=\"icon-list.default\">\n\t\t\t\t\t\t\t<ul class=\"elementor-icon-list-items elementor-inline-items\">\n\t\t\t\t\t\t\t<li class=\"elementor-icon-list-item elementor-inline-item\">\n\t\t\t\t\t\t\t\t\t\t\t<a href=\"\/\">\n\n\t\t\t\t\t\t\t\t\t\t\t\t<span class=\"elementor-icon-list-icon\">\n\t\t\t\t\t\t\t<svg aria-hidden=\"true\" class=\"e-font-icon-svg e-fas-home\" viewBox=\"0 0 576 512\" xmlns=\"http:\/\/www.w3.org\/2000\/svg\"><path d=\"M280.37 148.26L96 300.11V464a16 16 0 0 0 16 16l112.06-.29a16 16 0 0 0 15.92-16V368a16 16 0 0 1 16-16h64a16 16 0 0 1 16 16v95.64a16 16 0 0 0 16 16.05L464 480a16 16 0 0 0 16-16V300L295.67 148.26a12.19 12.19 0 0 0-15.3 0zM571.6 251.47L488 182.56V44.05a12 12 0 0 0-12-12h-56a12 12 0 0 0-12 12v72.61L318.47 43a48 48 0 0 0-61 0L4.34 251.47a12 12 0 0 0-1.6 16.9l25.5 31A12 12 0 0 0 45.15 301l235.22-193.74a12.19 12.19 0 0 1 15.3 0L530.9 301a12 12 0 0 0 16.9-1.6l25.5-31a12 12 0 0 0-1.7-16.93z\"><\/path><\/svg>\t\t\t\t\t\t<\/span>\n\t\t\t\t\t\t\t\t\t\t<span class=\"elementor-icon-list-text\">Startseite \u00bb<\/span>\n\t\t\t\t\t\t\t\t\t\t\t<\/a>\n\t\t\t\t\t\t\t\t\t<\/li>\n\t\t\t\t\t\t\t\t<li class=\"elementor-icon-list-item elementor-inline-item\">\n\t\t\t\t\t\t\t\t\t\t<span class=\"elementor-icon-list-text\"><\/span>\n\t\t\t\t\t\t\t\t\t<\/li>\n\t\t\t\t\t\t<\/ul>\n\t\t\t\t\t\t<\/div>\n\t\t\t\t\t<\/div>\n\t\t\t\t<\/div>\n\t\t<div class=\"elementor-element elementor-element-91f7600 e-flex e-con-boxed e-con e-parent\" data-id=\"91f7600\" data-element_type=\"container\">\n\t\t\t\t\t<div class=\"e-con-inner\">\n\t\t<div class=\"elementor-element elementor-element-51d3658 e-con-full e-flex e-con e-child\" data-id=\"51d3658\" data-element_type=\"container\">\n\t\t\t\t<div class=\"elementor-element elementor-element-5118fec elementor-widget elementor-widget-video\" data-id=\"5118fec\" data-element_type=\"widget\" data-settings=\"{&quot;video_type&quot;:&quot;hosted&quot;,&quot;controls&quot;:&quot;yes&quot;}\" data-widget_type=\"video.default\">\n\t\t\t\t\t\t\t<div class=\"e-hosted-video elementor-wrapper elementor-open-inline\">\n\t\t\t\t\t<video class=\"elementor-video\" src=\"http:\/\/almadina-bazar.de\/wp-content\/uploads\/2025\/09\/WhatsApp-Video-2025-07-30-um-11.59.25_689db277-1.mp4\" controls=\"\" preload=\"metadata\" controlsList=\"nodownload\"><\/video>\n\t\t\t\t<\/div>\n\t\t\t\t\t\t<\/div>\n\t\t\t\t<\/div>\n\t\t<div class=\"elementor-element elementor-element-ed782c6 e-con-full e-flex e-con e-child\" data-id=\"ed782c6\" data-element_type=\"container\">\n\t\t\t\t<div class=\"elementor-element elementor-element-9a360df elementor-widget elementor-widget-heading\" data-id=\"9a360df\" data-element_type=\"widget\" data-widget_type=\"heading.default\">\n\t\t\t\t\t<h2 class=\"elementor-heading-title elementor-size-default\">\u00dcber die Mr. Aziz GmbH<\/h2>\t\t\t\t<\/div>\n\t\t\t\t<div class=\"elementor-element elementor-element-7651680 elementor-widget elementor-widget-text-editor\" data-id=\"7651680\" data-element_type=\"widget\" data-widget_type=\"text-editor.default\">\n\t\t\t\t\t\t\t\t\t<p><strong>Mr Aziz GmbH: Nachhaltige, hochwertige Gew\u00fcrze, Kr\u00e4uter und Kr\u00e4utertees weltweit liefern<\/strong><\/p>\n<p data-start=\"236\" data-end=\"632\"><strong data-start=\"236\" data-end=\"253\">Einf\u00fchrung:<br \/><\/strong>Die 2014 in Deutschland gegr\u00fcndete Mr. Aziz GmbH hat sich der Lieferung nachhaltig bezogener, hochwertiger Gew\u00fcrze, Kr\u00e4uter und Kr\u00e4utertees an Kunden auf der ganzen Welt verschrieben. Als f\u00fchrender Anbieter in Nordafrika, Osteuropa und ganz Europa hat sich das Unternehmen einen hervorragenden Ruf f\u00fcr Exzellenz in Anbau, Reinigung, Verarbeitung, Sterilisierung und Verpackung aufgebaut.<\/p>\n<p>Durch den Einsatz modernster Technologien und die Einhaltung bew\u00e4hrter Branchenpraktiken garantiert die Mr. Aziz GmbH h\u00f6chste Standards bei der Rohstoffqualit\u00e4t, effizienter Landwirtschaft und vollst\u00e4ndiger R\u00fcckverfolgbarkeit. Dieses unersch\u00fctterliche Engagement gew\u00e4hrleistet nicht nur \u00fcberlegene Produktqualit\u00e4t, sondern auch langfristige Kundenzufriedenheit weltweit.<\/p>\n\t\t\t\t\t\t\t\t<\/div>\n\t\t\t\t<\/div>\n\t\t\t\t\t<\/div>\n\t\t\t\t<\/div>\n\t\t<div class=\"elementor-element elementor-element-7a47e6c e-flex e-con-boxed e-con e-parent\" data-id=\"7a47e6c\" data-element_type=\"container\" data-settings=\"{&quot;background_background&quot;:&quot;classic&quot;}\">\n\t\t\t\t\t<div class=\"e-con-inner\">\n\t\t<div class=\"elementor-element elementor-element-b27d432 e-con-full e-flex e-con e-child\" data-id=\"b27d432\" data-element_type=\"container\">\n\t\t\t\t<div class=\"elementor-element elementor-element-7d7d696 elementor-widget elementor-widget-heading\" data-id=\"7d7d696\" data-element_type=\"widget\" data-widget_type=\"heading.default\">\n\t\t\t\t\t<h2 class=\"elementor-heading-title elementor-size-default\">Anbau und Qualit\u00e4tskontrolle<\/h2>\t\t\t\t<\/div>\n\t\t\t\t<div class=\"elementor-element elementor-element-4212ad1 elementor-widget elementor-widget-text-editor\" data-id=\"4212ad1\" data-element_type=\"widget\" data-widget_type=\"text-editor.default\">\n\t\t\t\t\t\t\t\t\t<p><span lang=\"DE\">Bei der Mr. Aziz GmbH sind wir stolz darauf, die h\u00f6chsten Standards bei der Qualit\u00e4t der Rohstoffe und der Effizienz unserer Anbaumethoden einzuhalten. Um dies zu erreichen, haben wir Ma\u00dfnahmen implementiert, die uns klar von unseren Mitbewerbern abheben.<\/span><\/p>\n<p><span lang=\"DE\">Ein wesentlicher Bestandteil ist, dass wir eigene Anbauh\u00f6fe besitzen und betreiben. Dies gibt uns die volle Kontrolle \u00fcber den gesamten Produktionsprozess \u2013 vom Hof bis zum Verbraucher \u2013 und stellt sowohl die Qualit\u00e4t als auch die R\u00fcckverfolgbarkeit unserer Produkte sicher. Alle unsere Pflanzen werden mit deutschen Samen kultiviert, was uns hilft, Pestizidr\u00fcckst\u00e4nde zu vermeiden und landwirtschaftliche Sch\u00e4dlinge abzuwehren.<\/span><\/p>\n<p><span lang=\"DE\">Dar\u00fcber hinaus \u00fcberwacht und bewertet unser Team hochqualifizierter Agraringenieure und Agronomen alle Rohstoffe sorgf\u00e4ltig, bevor sie in die Produktionslinien gelangen. Durch diese strenge Qualit\u00e4tskontrolle garantieren wir, dass nur die besten und geeignetsten Zutaten in unseren Produkten verwendet werden.<\/span><\/p>\n<p><span lang=\"DE\">Unser Engagement f\u00fcr Exzellenz geht \u00fcber konventionelle Qualit\u00e4tsstandards hinaus. Wir legen besonderen Wert darauf, dass unsere Rohstoffe frei von Pestiziden, Allergenen und Kunststoffen sind. Durch die Einhaltung dieser strengen Prinzipien streben wir an, Produkte von h\u00f6chster Qualit\u00e4t zu liefern und gleichzeitig die Gesundheit unserer Kunden und das Wohl der Umwelt zu sch\u00fctzen.<\/span><\/p>\n\t\t\t\t\t\t\t\t<\/div>\n\t\t\t\t<\/div>\n\t\t<div class=\"elementor-element elementor-element-23118f4 e-con-full e-flex e-con e-child\" data-id=\"23118f4\" data-element_type=\"container\">\n\t\t\t\t<div class=\"elementor-element elementor-element-1f44fc7 elementor-widget elementor-widget-image\" data-id=\"1f44fc7\" data-element_type=\"widget\" data-widget_type=\"image.default\">\n\t\t\t\t\t\t\t\t\t\t\t\t\t\t\t<img fetchpriority=\"high\" decoding=\"async\" width=\"1000\" height=\"611\" src=\"http:\/\/almadina-bazar.de\/wp-content\/uploads\/2025\/09\/8a15fbae2a.jpg\" class=\"attachment-full size-full wp-image-954\" alt=\"\" srcset=\"http:\/\/almadina-bazar.de\/wp-content\/uploads\/2025\/09\/8a15fbae2a.jpg 1000w, http:\/\/almadina-bazar.de\/wp-content\/uploads\/2025\/09\/8a15fbae2a-300x183.jpg 300w, http:\/\/almadina-bazar.de\/wp-content\/uploads\/2025\/09\/8a15fbae2a-768x469.jpg 768w, http:\/\/almadina-bazar.de\/wp-content\/uploads\/2025\/09\/8a15fbae2a-600x367.jpg 600w\" sizes=\"(max-width: 1000px) 100vw, 1000px\" \/>\t\t\t\t\t\t\t\t\t\t\t\t\t\t\t<\/div>\n\t\t\t\t<\/div>\n\t\t\t\t\t<\/div>\n\t\t\t\t<\/div>\n\t\t<div class=\"elementor-element elementor-element-38b7876 e-flex e-con-boxed e-con e-parent\" data-id=\"38b7876\" data-element_type=\"container\">\n\t\t\t\t\t<div class=\"e-con-inner\">\n\t\t<div class=\"elementor-element elementor-element-614d655 e-con-full e-flex e-con e-child\" data-id=\"614d655\" data-element_type=\"container\">\n\t\t\t\t<div class=\"elementor-element elementor-element-1e48408 elementor-widget elementor-widget-image\" data-id=\"1e48408\" data-element_type=\"widget\" data-widget_type=\"image.default\">\n\t\t\t\t\t\t\t\t\t\t\t\t\t\t\t<img decoding=\"async\" width=\"1280\" height=\"960\" src=\"http:\/\/almadina-bazar.de\/wp-content\/uploads\/2025\/09\/Dill.jpg\" class=\"attachment-full size-full wp-image-946\" alt=\"\" srcset=\"http:\/\/almadina-bazar.de\/wp-content\/uploads\/2025\/09\/Dill.jpg 1280w, http:\/\/almadina-bazar.de\/wp-content\/uploads\/2025\/09\/Dill-300x225.jpg 300w, http:\/\/almadina-bazar.de\/wp-content\/uploads\/2025\/09\/Dill-1024x768.jpg 1024w, http:\/\/almadina-bazar.de\/wp-content\/uploads\/2025\/09\/Dill-768x576.jpg 768w, http:\/\/almadina-bazar.de\/wp-content\/uploads\/2025\/09\/Dill-600x450.jpg 600w\" sizes=\"(max-width: 1280px) 100vw, 1280px\" \/>\t\t\t\t\t\t\t\t\t\t\t\t\t\t\t<\/div>\n\t\t\t\t<\/div>\n\t\t<div class=\"elementor-element elementor-element-721f061 e-con-full e-flex e-con e-child\" data-id=\"721f061\" data-element_type=\"container\">\n\t\t\t\t<div class=\"elementor-element elementor-element-1950aae elementor-widget elementor-widget-heading\" data-id=\"1950aae\" data-element_type=\"widget\" data-widget_type=\"heading.default\">\n\t\t\t\t\t<h2 class=\"elementor-heading-title elementor-size-default\">Innovation und Technologie<\/h2>\t\t\t\t<\/div>\n\t\t\t\t<div class=\"elementor-element elementor-element-5bdd5e6 elementor-widget elementor-widget-text-editor\" data-id=\"5bdd5e6\" data-element_type=\"widget\" data-widget_type=\"text-editor.default\">\n\t\t\t\t\t\t\t\t\t<p data-start=\"95\" data-end=\"573\">Bei der Mr. Aziz GmbH glauben wir fest an die Kraft von Innovation und Technologie, um Fortschritt zu f\u00f6rdern und den sich wandelnden Bed\u00fcrfnissen unserer Kunden gerecht zu werden. Als Branchenf\u00fchrer investieren wir kontinuierlich in die neuesten Technologien und setzen innovative Praktiken ein, um die Qualit\u00e4t, Effizienz und Nachhaltigkeit unserer Abl\u00e4ufe zu verbessern. Durch die kontinuierliche Nutzung technologischer Fortschritte k\u00f6nnen wir unsere Position als vertrauensw\u00fcrdiger Lieferant von Gew\u00fcrzen, Kr\u00e4utern und Kr\u00e4utertees behaupten.<\/p>\n<p data-start=\"575\" data-end=\"890\">Wir haben Automatisierung und moderne Maschinen eingef\u00fchrt, um unsere Prozesse zu optimieren und die Produktivit\u00e4t zu steigern, w\u00e4hrend wir h\u00f6chste Qualit\u00e4tsstandards einhalten. Unsere hochmodernen Anlagen sind mit modernster Ausr\u00fcstung ausgestattet, die eine pr\u00e4zise Reinigung, Verarbeitung, Sterilisation und Verpackung unserer Produkte gew\u00e4hrleistet.<\/p>\n<p data-start=\"892\" data-end=\"1069\">Diese technologischen Fortschritte erm\u00f6glichen es uns nicht nur, die Anforderungen unserer globalen Kunden zu erf\u00fcllen, sondern reduzieren auch Abfall und Umweltauswirkungen im gesamten Produktionszyklus.<\/p>\n\t\t\t\t\t\t\t\t<\/div>\n\t\t\t\t<\/div>\n\t\t\t\t\t<\/div>\n\t\t\t\t<\/div>\n\t\t<div class=\"elementor-element elementor-element-0a21f9f e-flex e-con-boxed e-con e-parent\" data-id=\"0a21f9f\" data-element_type=\"container\" data-settings=\"{&quot;background_background&quot;:&quot;classic&quot;}\">\n\t\t\t\t\t<div class=\"e-con-inner\">\n\t\t<div class=\"elementor-element elementor-element-1fecbb3 e-con-full e-flex e-con e-child\" data-id=\"1fecbb3\" data-element_type=\"container\" data-settings=\"{&quot;background_background&quot;:&quot;classic&quot;}\">\n\t\t\t\t<div class=\"elementor-element elementor-element-aa13e57 elementor-widget elementor-widget-heading\" data-id=\"aa13e57\" data-element_type=\"widget\" data-widget_type=\"heading.default\">\n\t\t\t\t\t<h2 class=\"elementor-heading-title elementor-size-default\">Produktangebot<\/h2>\t\t\t\t<\/div>\n\t\t\t\t<div class=\"elementor-element elementor-element-7578138 elementor-widget elementor-widget-text-editor\" data-id=\"7578138\" data-element_type=\"widget\" data-widget_type=\"text-editor.default\">\n\t\t\t\t\t\t\t\t\t<p><span lang=\"DE\">Bei der Mr. Aziz GmbH erkennen wir, dass jeder Kunde individuelle Anforderungen hat. Um dieser Vielfalt gerecht zu werden, bieten wir unsere Produkte in verschiedenen Formen an \u2013 ganz, gemahlen oder zerkleinert \u2013 und in unterschiedlichen Reinheitsgraden. Ob Sie zertifizierte Bio-Produkte, EU-konforme Optionen oder Waren innerhalb der konventionellen Pestizidr\u00fcckstandsgrenzen suchen, unsere Einrichtungen sind darauf ausgelegt, Ihre Pr\u00e4ferenzen zu erf\u00fcllen.<\/span><\/p>\n<p><span lang=\"DE\">Unsere umfangreiche Auswahl an Gew\u00fcrzen, Kr\u00e4utern und Kr\u00e4utertees wird sorgf\u00e4ltig ausgew\u00e4hlt, verarbeitet und verpackt, um maximale Frische, Geschmack und Aroma zu bewahren. Durch strenge Qualit\u00e4tskontrollen in jeder Phase stellen wir sicher, dass unsere Produkte kontinuierlich den Industriestandards entsprechen \u2013 und diese oft \u00fcbertreffen.<\/span><\/p>\n<p><span lang=\"DE\">Indem wir flexible Produktformate anbieten und spezifische regulatorische sowie Kundenanforderungen ber\u00fccksichtigen, streben wir danach, nicht nur Premiumqualit\u00e4t zu liefern, sondern auch ein ma\u00dfgeschneidertes Erlebnis, das den h\u00f6chsten Grad an Zufriedenheit gew\u00e4hrleistet.<\/span><\/p>\n\t\t\t\t\t\t\t\t<\/div>\n\t\t\t\t<\/div>\n\t\t<div class=\"elementor-element elementor-element-8372ced e-con-full e-flex e-con e-child\" data-id=\"8372ced\" data-element_type=\"container\" data-settings=\"{&quot;background_background&quot;:&quot;classic&quot;}\">\n\t\t\t\t<div class=\"elementor-element elementor-element-7c6d446 elementor-widget elementor-widget-heading\" data-id=\"7c6d446\" data-element_type=\"widget\" data-widget_type=\"heading.default\">\n\t\t\t\t\t<h2 class=\"elementor-heading-title elementor-size-default\">Wettbewerbsf\u00e4hige Preise und effiziente Abl\u00e4ufe<\/h2>\t\t\t\t<\/div>\n\t\t\t\t<div class=\"elementor-element elementor-element-ad5bb6a elementor-widget elementor-widget-text-editor\" data-id=\"ad5bb6a\" data-element_type=\"widget\" data-widget_type=\"text-editor.default\">\n\t\t\t\t\t\t\t\t\t<p><span lang=\"DE\">Bei der Mr. Aziz GmbH sind wir stolz darauf, wettbewerbsf\u00e4hige Preise anzubieten, ohne dabei jemals Kompromisse bei der Qualit\u00e4t einzugehen. Durch den Besitz und die Bewirtschaftung eigener Anbauh\u00f6fe eliminieren wir Zwischenh\u00e4ndler und reduzieren die Gemeinkosten erheblich.<\/span><\/p>\n<p><span lang=\"DE\">Diese vertikale Integration erm\u00f6glicht es uns, diese Einsparungen direkt an unsere Kunden weiterzugeben, sodass unsere Produkte erschwinglich bleiben und gleichzeitig die h\u00f6chsten Qualit\u00e4tsstandards eingehalten werden.<\/span><\/p>\n\t\t\t\t\t\t\t\t<\/div>\n\t\t\t\t<div class=\"elementor-element elementor-element-bb29877 elementor-mobile-align-center elementor-widget elementor-widget-button\" data-id=\"bb29877\" data-element_type=\"widget\" data-widget_type=\"button.default\">\n\t\t\t\t\t\t\t\t\t\t<a class=\"elementor-button elementor-button-link elementor-size-sm\" href=\"http:\/\/almadina-bazar.de\/de\/kontaktieren-sie-uns\/\">\n\t\t\t\t\t\t<span class=\"elementor-button-content-wrapper\">\n\t\t\t\t\t\t\t\t\t<span class=\"elementor-button-text\">Kontaktieren Sie uns<\/span>\n\t\t\t\t\t<\/span>\n\t\t\t\t\t<\/a>\n\t\t\t\t\t\t\t\t<\/div>\n\t\t\t\t<\/div>\n\t\t\t\t\t<\/div>\n\t\t\t\t<\/div>\n\t\t\t\t<\/div>\n\t\t","protected":false},"excerpt":{"rendered":"<p>Startseite \u00bb http:\/\/almadina-bazar.de\/wp-content\/uploads\/2025\/09\/WhatsApp-Video-2025-07-30-um-11.59.25_689db277-1.mp4 \u00dcber die Mr. Aziz GmbH Mr Aziz GmbH: Nachhaltige, hochwertige Gew\u00fcrze, Kr\u00e4uter und Kr\u00e4utertees weltweit liefern Einf\u00fchrung:Die 2014 in Deutschland gegr\u00fcndete Mr. Aziz GmbH hat sich der Lieferung nachhaltig bezogener, hochwertiger Gew\u00fcrze, Kr\u00e4uter und Kr\u00e4utertees an Kunden auf der ganzen Welt verschrieben. Als f\u00fchrender Anbieter in Nordafrika, Osteuropa und ganz Europa hat [&hellip;]<\/p>\n","protected":false},"author":1,"featured_media":0,"parent":0,"menu_order":0,"comment_status":"closed","ping_status":"closed","template":"","meta":{"footnotes":""},"class_list":["post-953","page","type-page","status-publish","hentry"],"blocksy_meta":[],"_links":{"self":[{"href":"http:\/\/almadina-bazar.de\/de\/wp-json\/wp\/v2\/pages\/953","targetHints":{"allow":["GET"]}}],"collection":[{"href":"http:\/\/almadina-bazar.de\/de\/wp-json\/wp\/v2\/pages"}],"about":[{"href":"http:\/\/almadina-bazar.de\/de\/wp-json\/wp\/v2\/types\/page"}],"author":[{"embeddable":true,"href":"http:\/\/almadina-bazar.de\/de\/wp-json\/wp\/v2\/users\/1"}],"replies":[{"embeddable":true,"href":"http:\/\/almadina-bazar.de\/de\/wp-json\/wp\/v2\/comments?post=953"}],"version-history":[{"count":4,"href":"http:\/\/almadina-bazar.de\/de\/wp-json\/wp\/v2\/pages\/953\/revisions"}],"predecessor-version":[{"id":1344,"href":"http:\/\/almadina-bazar.de\/de\/wp-json\/wp\/v2\/pages\/953\/revisions\/1344"}],"wp:attachment":[{"href":"http:\/\/almadina-bazar.de\/de\/wp-json\/wp\/v2\/media?parent=953"}],"curies":[{"name":"wp","href":"https:\/\/api.w.org\/{rel}","templated":true}]}}