{"id":905,"date":"2025-09-21T11:11:14","date_gmt":"2025-09-21T11:11:14","guid":{"rendered":"https:\/\/darkred-boar-326879.hostingersite.com\/blog\/"},"modified":"2025-10-15T08:59:30","modified_gmt":"2025-10-15T08:59:30","slug":"blog","status":"publish","type":"page","link":"http:\/\/almadina-bazar.de\/de\/blog\/","title":{"rendered":"Blog"},"content":{"rendered":"\t\t<div data-elementor-type=\"wp-page\" data-elementor-id=\"905\" class=\"elementor elementor-905 elementor-15\" data-elementor-post-type=\"page\">\n\t\t\t\t<div class=\"elementor-element elementor-element-c2dcd45 e-flex e-con-boxed e-con e-parent\" data-id=\"c2dcd45\" data-element_type=\"container\" data-settings=\"{&quot;background_background&quot;:&quot;classic&quot;}\">\n\t\t\t\t\t<div class=\"e-con-inner\">\n\t\t\t\t<div class=\"elementor-element elementor-element-2ab1c37 elementor-icon-list--layout-inline elementor-align-center elementor-list-item-link-full_width elementor-widget elementor-widget-icon-list\" data-id=\"2ab1c37\" data-element_type=\"widget\" data-widget_type=\"icon-list.default\">\n\t\t\t\t\t\t\t<ul class=\"elementor-icon-list-items elementor-inline-items\">\n\t\t\t\t\t\t\t<li class=\"elementor-icon-list-item elementor-inline-item\">\n\t\t\t\t\t\t\t\t\t\t\t<a href=\"\/\">\n\n\t\t\t\t\t\t\t\t\t\t\t\t<span class=\"elementor-icon-list-icon\">\n\t\t\t\t\t\t\t<svg aria-hidden=\"true\" class=\"e-font-icon-svg e-fas-home\" viewBox=\"0 0 576 512\" xmlns=\"http:\/\/www.w3.org\/2000\/svg\"><path d=\"M280.37 148.26L96 300.11V464a16 16 0 0 0 16 16l112.06-.29a16 16 0 0 0 15.92-16V368a16 16 0 0 1 16-16h64a16 16 0 0 1 16 16v95.64a16 16 0 0 0 16 16.05L464 480a16 16 0 0 0 16-16V300L295.67 148.26a12.19 12.19 0 0 0-15.3 0zM571.6 251.47L488 182.56V44.05a12 12 0 0 0-12-12h-56a12 12 0 0 0-12 12v72.61L318.47 43a48 48 0 0 0-61 0L4.34 251.47a12 12 0 0 0-1.6 16.9l25.5 31A12 12 0 0 0 45.15 301l235.22-193.74a12.19 12.19 0 0 1 15.3 0L530.9 301a12 12 0 0 0 16.9-1.6l25.5-31a12 12 0 0 0-1.7-16.93z\"><\/path><\/svg>\t\t\t\t\t\t<\/span>\n\t\t\t\t\t\t\t\t\t\t<span class=\"elementor-icon-list-text\">Startseite \u00bb<\/span>\n\t\t\t\t\t\t\t\t\t\t\t<\/a>\n\t\t\t\t\t\t\t\t\t<\/li>\n\t\t\t\t\t\t\t\t<li class=\"elementor-icon-list-item elementor-inline-item\">\n\t\t\t\t\t\t\t\t\t\t<span class=\"elementor-icon-list-text\"><\/span>\n\t\t\t\t\t\t\t\t\t<\/li>\n\t\t\t\t\t\t<\/ul>\n\t\t\t\t\t\t<\/div>\n\t\t\t\t\t<\/div>\n\t\t\t\t<\/div>\n\t\t<div class=\"elementor-element elementor-element-d6f5d31 e-flex e-con-boxed e-con e-parent\" data-id=\"d6f5d31\" data-element_type=\"container\" data-settings=\"{&quot;background_background&quot;:&quot;classic&quot;}\">\n\t\t\t\t\t<div class=\"e-con-inner\">\n\t\t\t\t<div class=\"elementor-element elementor-element-907be05 elementor-grid-3 elementor-grid-tablet-2 elementor-grid-mobile-1 elementor-posts--thumbnail-top elementor-posts__hover-gradient elementor-widget elementor-widget-posts\" data-id=\"907be05\" data-element_type=\"widget\" data-settings=\"{&quot;cards_row_gap&quot;:{&quot;unit&quot;:&quot;px&quot;,&quot;size&quot;:20,&quot;sizes&quot;:[]},&quot;cards_columns&quot;:&quot;3&quot;,&quot;cards_columns_tablet&quot;:&quot;2&quot;,&quot;cards_columns_mobile&quot;:&quot;1&quot;,&quot;cards_row_gap_tablet&quot;:{&quot;unit&quot;:&quot;px&quot;,&quot;size&quot;:&quot;&quot;,&quot;sizes&quot;:[]},&quot;cards_row_gap_mobile&quot;:{&quot;unit&quot;:&quot;px&quot;,&quot;size&quot;:&quot;&quot;,&quot;sizes&quot;:[]}}\" data-widget_type=\"posts.cards\">\n\t\t\t\t<div class=\"elementor-widget-container\">\n\t\t\t\t\t\t\t<div class=\"elementor-posts-container elementor-posts elementor-posts--skin-cards elementor-grid\" role=\"list\">\n\t\t\t\t<article class=\"elementor-post elementor-grid-item post-967 post type-post status-publish format-standard has-post-thumbnail hentry category-nicht-kategorisiert\" role=\"listitem\">\n\t\t\t<div class=\"elementor-post__card\">\n\t\t\t\t<a class=\"elementor-post__thumbnail__link\" href=\"http:\/\/almadina-bazar.de\/de\/majoran\/\" tabindex=\"-1\" ><div class=\"elementor-post__thumbnail\"><img fetchpriority=\"high\" decoding=\"async\" width=\"1280\" height=\"960\" src=\"http:\/\/almadina-bazar.de\/wp-content\/uploads\/2025\/09\/WhatsApp-Image-2023-05-22-at-2.59.02-PM.jpeg\" class=\"attachment-full size-full wp-image-940\" alt=\"\" srcset=\"http:\/\/almadina-bazar.de\/wp-content\/uploads\/2025\/09\/WhatsApp-Image-2023-05-22-at-2.59.02-PM.jpeg 1280w, http:\/\/almadina-bazar.de\/wp-content\/uploads\/2025\/09\/WhatsApp-Image-2023-05-22-at-2.59.02-PM-300x225.jpeg 300w, http:\/\/almadina-bazar.de\/wp-content\/uploads\/2025\/09\/WhatsApp-Image-2023-05-22-at-2.59.02-PM-1024x768.jpeg 1024w, http:\/\/almadina-bazar.de\/wp-content\/uploads\/2025\/09\/WhatsApp-Image-2023-05-22-at-2.59.02-PM-768x576.jpeg 768w, http:\/\/almadina-bazar.de\/wp-content\/uploads\/2025\/09\/WhatsApp-Image-2023-05-22-at-2.59.02-PM-600x450.jpeg 600w\" sizes=\"(max-width: 1280px) 100vw, 1280px\" \/><\/div><\/a>\n\t\t\t\t<div class=\"elementor-post__text\">\n\t\t\t\t<h3 class=\"elementor-post__title\">\n\t\t\t<a href=\"http:\/\/almadina-bazar.de\/de\/majoran\/\" >\n\t\t\t\tMajoran:\t\t\t<\/a>\n\t\t<\/h3>\n\t\t\t\t<div class=\"elementor-post__excerpt\">\n\t\t\t<p>Majoran \/ Marjoram \/ Origanum majorana Erntezeiten: Sommer und HerbstUrspr\u00fcnglich in \u00c4gypten und den westlichen Mittelmeerregionen beheimatet, ist<\/p>\n\t\t<\/div>\n\t\t\t\t\t<div class=\"elementor-post__read-more-wrapper\">\n\t\t\n\t\t<a class=\"elementor-post__read-more\" href=\"http:\/\/almadina-bazar.de\/de\/majoran\/\" aria-label=\"Read more about Majoran:\" tabindex=\"-1\" >\n\t\t\tWeiterlesen \u00bb\t\t<\/a>\n\n\t\t\t\t\t<\/div>\n\t\t\t\t<\/div>\n\t\t\t\t<div class=\"elementor-post__meta-data\">\n\t\t\t\t\t<span class=\"elementor-post-date\">\n\t\t\tSeptember 21, 2025\t\t<\/span>\n\t\t\t\t<span class=\"elementor-post-avatar\">\n\t\t\tKeine Kommentare\t\t<\/span>\n\t\t\t\t<\/div>\n\t\t\t\t\t<\/div>\n\t\t<\/article>\n\t\t\t\t<article class=\"elementor-post elementor-grid-item post-964 post type-post status-publish format-standard has-post-thumbnail hentry category-nicht-kategorisiert\" role=\"listitem\">\n\t\t\t<div class=\"elementor-post__card\">\n\t\t\t\t<a class=\"elementor-post__thumbnail__link\" href=\"http:\/\/almadina-bazar.de\/de\/vorteile-beliebter-kraeuter\/\" tabindex=\"-1\" ><div class=\"elementor-post__thumbnail\"><img decoding=\"async\" width=\"1920\" height=\"1277\" src=\"http:\/\/almadina-bazar.de\/wp-content\/uploads\/2025\/10\/spices-2548653_1920-1.jpg\" class=\"attachment-full size-full wp-image-1176\" alt=\"\" srcset=\"http:\/\/almadina-bazar.de\/wp-content\/uploads\/2025\/10\/spices-2548653_1920-1.jpg 1920w, http:\/\/almadina-bazar.de\/wp-content\/uploads\/2025\/10\/spices-2548653_1920-1-300x200.jpg 300w, http:\/\/almadina-bazar.de\/wp-content\/uploads\/2025\/10\/spices-2548653_1920-1-1024x681.jpg 1024w, http:\/\/almadina-bazar.de\/wp-content\/uploads\/2025\/10\/spices-2548653_1920-1-768x511.jpg 768w, http:\/\/almadina-bazar.de\/wp-content\/uploads\/2025\/10\/spices-2548653_1920-1-1536x1022.jpg 1536w, http:\/\/almadina-bazar.de\/wp-content\/uploads\/2025\/10\/spices-2548653_1920-1-600x399.jpg 600w\" sizes=\"(max-width: 1920px) 100vw, 1920px\" \/><\/div><\/a>\n\t\t\t\t<div class=\"elementor-post__text\">\n\t\t\t\t<h3 class=\"elementor-post__title\">\n\t\t\t<a href=\"http:\/\/almadina-bazar.de\/de\/vorteile-beliebter-kraeuter\/\" >\n\t\t\t\tVorteile beliebter Kr\u00e4uter\t\t\t<\/a>\n\t\t<\/h3>\n\t\t\t\t<div class=\"elementor-post__excerpt\">\n\t\t\t<p>Basilikum: Basilikum, bekannt f\u00fcr seinen s\u00fc\u00dfen und leicht pfeffrigen Geschmack, ist ein beliebtes Kraut in der mediterranen und<\/p>\n\t\t<\/div>\n\t\t\t\t\t<div class=\"elementor-post__read-more-wrapper\">\n\t\t\n\t\t<a class=\"elementor-post__read-more\" href=\"http:\/\/almadina-bazar.de\/de\/vorteile-beliebter-kraeuter\/\" aria-label=\"Read more about Vorteile beliebter Kr\u00e4uter\" tabindex=\"-1\" >\n\t\t\tWeiterlesen \u00bb\t\t<\/a>\n\n\t\t\t\t\t<\/div>\n\t\t\t\t<\/div>\n\t\t\t\t<div class=\"elementor-post__meta-data\">\n\t\t\t\t\t<span class=\"elementor-post-date\">\n\t\t\tSeptember 22, 2025\t\t<\/span>\n\t\t\t\t<span class=\"elementor-post-avatar\">\n\t\t\tKeine Kommentare\t\t<\/span>\n\t\t\t\t<\/div>\n\t\t\t\t\t<\/div>\n\t\t<\/article>\n\t\t\t\t<article class=\"elementor-post elementor-grid-item post-961 post type-post status-publish format-standard has-post-thumbnail hentry category-nicht-kategorisiert\" role=\"listitem\">\n\t\t\t<div class=\"elementor-post__card\">\n\t\t\t\t<a class=\"elementor-post__thumbnail__link\" href=\"http:\/\/almadina-bazar.de\/de\/die-verborgenen-schaetze-von-kraeutern-und-gewuerzen\/\" tabindex=\"-1\" ><div class=\"elementor-post__thumbnail\"><img decoding=\"async\" width=\"605\" height=\"412\" src=\"http:\/\/almadina-bazar.de\/wp-content\/uploads\/2025\/09\/spices-herbs-removebg-preview.png\" class=\"attachment-full size-full wp-image-962\" alt=\"\" srcset=\"http:\/\/almadina-bazar.de\/wp-content\/uploads\/2025\/09\/spices-herbs-removebg-preview.png 605w, http:\/\/almadina-bazar.de\/wp-content\/uploads\/2025\/09\/spices-herbs-removebg-preview-300x204.png 300w, http:\/\/almadina-bazar.de\/wp-content\/uploads\/2025\/09\/spices-herbs-removebg-preview-600x409.png 600w\" sizes=\"(max-width: 605px) 100vw, 605px\" \/><\/div><\/a>\n\t\t\t\t<div class=\"elementor-post__text\">\n\t\t\t\t<h3 class=\"elementor-post__title\">\n\t\t\t<a href=\"http:\/\/almadina-bazar.de\/de\/die-verborgenen-schaetze-von-kraeutern-und-gewuerzen\/\" >\n\t\t\t\tDie verborgenen Sch\u00e4tze von Kr\u00e4utern und Gew\u00fcrzen\t\t\t<\/a>\n\t\t<\/h3>\n\t\t\t\t<div class=\"elementor-post__excerpt\">\n\t\t\t<p>Die verborgenen Sch\u00e4tze von Kr\u00e4utern und Gew\u00fcrzen entdecken: Ihre Vorteile und Erntezeiten erkunden Einf\u00fchrung: Kr\u00e4uter und Gew\u00fcrze werden<\/p>\n\t\t<\/div>\n\t\t\t\t\t<div class=\"elementor-post__read-more-wrapper\">\n\t\t\n\t\t<a class=\"elementor-post__read-more\" href=\"http:\/\/almadina-bazar.de\/de\/die-verborgenen-schaetze-von-kraeutern-und-gewuerzen\/\" aria-label=\"Read more about Die verborgenen Sch\u00e4tze von Kr\u00e4utern und Gew\u00fcrzen\" tabindex=\"-1\" >\n\t\t\tWeiterlesen \u00bb\t\t<\/a>\n\n\t\t\t\t\t<\/div>\n\t\t\t\t<\/div>\n\t\t\t\t<div class=\"elementor-post__meta-data\">\n\t\t\t\t\t<span class=\"elementor-post-date\">\n\t\t\tSeptember 22, 2025\t\t<\/span>\n\t\t\t\t<span class=\"elementor-post-avatar\">\n\t\t\tKeine Kommentare\t\t<\/span>\n\t\t\t\t<\/div>\n\t\t\t\t\t<\/div>\n\t\t<\/article>\n\t\t\t\t<\/div>\n\t\t\n\t\t\t\t\t\t<\/div>\n\t\t\t\t<\/div>\n\t\t\t\t\t<\/div>\n\t\t\t\t<\/div>\n\t\t\t\t<\/div>\n\t\t","protected":false},"excerpt":{"rendered":"<p>Startseite \u00bb<\/p>\n","protected":false},"author":1,"featured_media":0,"parent":0,"menu_order":0,"comment_status":"closed","ping_status":"closed","template":"","meta":{"footnotes":""},"class_list":["post-905","page","type-page","status-publish","hentry"],"blocksy_meta":[],"_links":{"self":[{"href":"http:\/\/almadina-bazar.de\/de\/wp-json\/wp\/v2\/pages\/905","targetHints":{"allow":["GET"]}}],"collection":[{"href":"http:\/\/almadina-bazar.de\/de\/wp-json\/wp\/v2\/pages"}],"about":[{"href":"http:\/\/almadina-bazar.de\/de\/wp-json\/wp\/v2\/types\/page"}],"author":[{"embeddable":true,"href":"http:\/\/almadina-bazar.de\/de\/wp-json\/wp\/v2\/users\/1"}],"replies":[{"embeddable":true,"href":"http:\/\/almadina-bazar.de\/de\/wp-json\/wp\/v2\/comments?post=905"}],"version-history":[{"count":2,"href":"http:\/\/almadina-bazar.de\/de\/wp-json\/wp\/v2\/pages\/905\/revisions"}],"predecessor-version":[{"id":1332,"href":"http:\/\/almadina-bazar.de\/de\/wp-json\/wp\/v2\/pages\/905\/revisions\/1332"}],"wp:attachment":[{"href":"http:\/\/almadina-bazar.de\/de\/wp-json\/wp\/v2\/media?parent=905"}],"curies":[{"name":"wp","href":"https:\/\/api.w.org\/{rel}","templated":true}]}}